{"id":444,"date":"2022-09-07T10:13:26","date_gmt":"2022-09-07T09:13:26","guid":{"rendered":"https:\/\/sous-le-mont.ch\/?page_id=444"},"modified":"2025-10-13T19:10:42","modified_gmt":"2025-10-13T18:10:42","slug":"tiere","status":"publish","type":"page","link":"https:\/\/sous-le-mont.ch\/fr\/tiere\/","title":{"rendered":"Animaux"},"content":{"rendered":"<p class=\"translation-block\">Nous pratiquons l\u2019\u00e9levage de vaches allaitantes avec les races Angus, Belted Galloway, Lowline Angus ainsi que le b\u00e9tail gris rh\u00e9tique.<\/p>\n\n\n\n<figure class=\"wp-block-image size-large\"><img loading=\"lazy\" decoding=\"async\" width=\"1024\" height=\"461\" src=\"https:\/\/sous-le-mont.ch\/wp-content\/uploads\/2022\/09\/Mutterkuh_Kalb-1024x461.jpg\" alt=\"\" class=\"wp-image-448\" srcset=\"https:\/\/sous-le-mont.ch\/wp-content\/uploads\/2022\/09\/Mutterkuh_Kalb-1024x461.jpg 1024w, https:\/\/sous-le-mont.ch\/wp-content\/uploads\/2022\/09\/Mutterkuh_Kalb-300x135.jpg 300w, https:\/\/sous-le-mont.ch\/wp-content\/uploads\/2022\/09\/Mutterkuh_Kalb-768x346.jpg 768w, https:\/\/sous-le-mont.ch\/wp-content\/uploads\/2022\/09\/Mutterkuh_Kalb-1536x691.jpg 1536w, https:\/\/sous-le-mont.ch\/wp-content\/uploads\/2022\/09\/Mutterkuh_Kalb-2048x922.jpg 2048w\" sizes=\"auto, (max-width: 1024px) 100vw, 1024px\" \/><figcaption class=\"wp-element-caption\">Madonna avec son veau Merveille<\/figcaption><\/figure>\n\n\n\n<figure class=\"wp-block-image size-large\"><img loading=\"lazy\" decoding=\"async\" width=\"1024\" height=\"461\" src=\"https:\/\/sous-le-mont.ch\/wp-content\/uploads\/2022\/09\/Kuhherde-1024x461.jpg\" alt=\"\" class=\"wp-image-452\" srcset=\"https:\/\/sous-le-mont.ch\/wp-content\/uploads\/2022\/09\/Kuhherde-1024x461.jpg 1024w, https:\/\/sous-le-mont.ch\/wp-content\/uploads\/2022\/09\/Kuhherde-300x135.jpg 300w, https:\/\/sous-le-mont.ch\/wp-content\/uploads\/2022\/09\/Kuhherde-768x346.jpg 768w, https:\/\/sous-le-mont.ch\/wp-content\/uploads\/2022\/09\/Kuhherde-1536x691.jpg 1536w, https:\/\/sous-le-mont.ch\/wp-content\/uploads\/2022\/09\/Kuhherde-2048x922.jpg 2048w\" sizes=\"auto, (max-width: 1024px) 100vw, 1024px\" \/><\/figure>\n\n\n\n<figure class=\"wp-block-image size-large\"><img loading=\"lazy\" decoding=\"async\" width=\"1024\" height=\"817\" src=\"https:\/\/sous-le-mont.ch\/wp-content\/uploads\/2022\/09\/Rinder-1-1024x817.jpg\" alt=\"\" class=\"wp-image-463\" srcset=\"https:\/\/sous-le-mont.ch\/wp-content\/uploads\/2022\/09\/Rinder-1-1024x817.jpg 1024w, https:\/\/sous-le-mont.ch\/wp-content\/uploads\/2022\/09\/Rinder-1-300x239.jpg 300w, https:\/\/sous-le-mont.ch\/wp-content\/uploads\/2022\/09\/Rinder-1-768x613.jpg 768w, https:\/\/sous-le-mont.ch\/wp-content\/uploads\/2022\/09\/Rinder-1-1536x1225.jpg 1536w, https:\/\/sous-le-mont.ch\/wp-content\/uploads\/2022\/09\/Rinder-1-2048x1634.jpg 2048w\" sizes=\"auto, (max-width: 1024px) 100vw, 1024px\" \/><figcaption class=\"wp-element-caption\">Nos g\u00e9nisses<\/figcaption><\/figure>\n\n\n\n<figure class=\"wp-block-image size-large\"><img loading=\"lazy\" decoding=\"async\" width=\"1024\" height=\"461\" src=\"https:\/\/sous-le-mont.ch\/wp-content\/uploads\/2022\/09\/Schafe-1024x461.jpg\" alt=\"\" class=\"wp-image-445\" srcset=\"https:\/\/sous-le-mont.ch\/wp-content\/uploads\/2022\/09\/Schafe-1024x461.jpg 1024w, https:\/\/sous-le-mont.ch\/wp-content\/uploads\/2022\/09\/Schafe-300x135.jpg 300w, https:\/\/sous-le-mont.ch\/wp-content\/uploads\/2022\/09\/Schafe-768x346.jpg 768w, https:\/\/sous-le-mont.ch\/wp-content\/uploads\/2022\/09\/Schafe-1536x691.jpg 1536w, https:\/\/sous-le-mont.ch\/wp-content\/uploads\/2022\/09\/Schafe-2048x922.jpg 2048w\" sizes=\"auto, (max-width: 1024px) 100vw, 1024px\" \/><figcaption class=\"wp-element-caption\">Nos brebis laiti\u00e8res <\/figcaption><\/figure>\n\n\n\n<div class=\"wp-block-group\"><div class=\"wp-block-group__inner-container is-layout-constrained wp-block-group-is-layout-constrained\">\n<div class=\"wp-block-columns is-layout-flex wp-container-core-columns-is-layout-28f84493 wp-block-columns-is-layout-flex\">\n<div class=\"wp-block-column is-layout-flow wp-block-column-is-layout-flow\" style=\"flex-basis:100%\">\n<figure class=\"wp-block-gallery has-nested-images columns-default is-cropped wp-block-gallery-2 is-layout-flex wp-block-gallery-is-layout-flex\">\n<figure class=\"wp-block-image size-large\"><img loading=\"lazy\" decoding=\"async\" width=\"576\" height=\"1025\" data-id=\"912\" src=\"https:\/\/sous-le-mont.ch\/wp-content\/uploads\/2024\/08\/photo_5954161575772404890_y-1-edited.jpg\" alt=\"\" class=\"wp-image-912\" srcset=\"https:\/\/sous-le-mont.ch\/wp-content\/uploads\/2024\/08\/photo_5954161575772404890_y-1-edited.jpg 576w, https:\/\/sous-le-mont.ch\/wp-content\/uploads\/2024\/08\/photo_5954161575772404890_y-1-edited-169x300.jpg 169w\" sizes=\"auto, (max-width: 576px) 100vw, 576px\" \/><\/figure>\n<\/figure>\n<\/div>\n<\/div>\n<\/div><\/div>\n\n\n\n<figure class=\"wp-block-gallery has-nested-images columns-default is-cropped wp-block-gallery-3 is-layout-flex wp-block-gallery-is-layout-flex\"><\/figure>\n\n\n\n<figure class=\"wp-block-gallery has-nested-images columns-default is-cropped wp-block-gallery-4 is-layout-flex wp-block-gallery-is-layout-flex\">\n<figure class=\"wp-block-image size-large\"><img loading=\"lazy\" decoding=\"async\" width=\"1024\" height=\"568\" data-id=\"459\" src=\"https:\/\/sous-le-mont.ch\/wp-content\/uploads\/2022\/09\/Enten-1024x568.jpg\" alt=\"\" class=\"wp-image-459\" srcset=\"https:\/\/sous-le-mont.ch\/wp-content\/uploads\/2022\/09\/Enten-1024x568.jpg 1024w, https:\/\/sous-le-mont.ch\/wp-content\/uploads\/2022\/09\/Enten-300x166.jpg 300w, https:\/\/sous-le-mont.ch\/wp-content\/uploads\/2022\/09\/Enten-768x426.jpg 768w, https:\/\/sous-le-mont.ch\/wp-content\/uploads\/2022\/09\/Enten-1536x851.jpg 1536w, https:\/\/sous-le-mont.ch\/wp-content\/uploads\/2022\/09\/Enten-2048x1135.jpg 2048w\" sizes=\"auto, (max-width: 1024px) 100vw, 1024px\" \/><figcaption class=\"wp-element-caption\">Nos canards nous d\u00e9barrassent des limaces dans le jardin.<\/figcaption><\/figure>\n<\/figure>\n\n\n\n<figure class=\"wp-block-gallery has-nested-images columns-default is-cropped wp-block-gallery-5 is-layout-flex wp-block-gallery-is-layout-flex\"><div class=\"wp-block-image\">\n<figure class=\"alignleft size-large\"><img loading=\"lazy\" decoding=\"async\" width=\"2560\" height=\"1921\" data-id=\"911\" src=\"https:\/\/sous-le-mont.ch\/wp-content\/uploads\/2024\/08\/Kristi-edited-scaled.jpg\" alt=\"\" class=\"wp-image-911\" srcset=\"https:\/\/sous-le-mont.ch\/wp-content\/uploads\/2024\/08\/Kristi-edited-scaled.jpg 2560w, https:\/\/sous-le-mont.ch\/wp-content\/uploads\/2024\/08\/Kristi-edited-300x225.jpg 300w, https:\/\/sous-le-mont.ch\/wp-content\/uploads\/2024\/08\/Kristi-edited-1024x768.jpg 1024w, https:\/\/sous-le-mont.ch\/wp-content\/uploads\/2024\/08\/Kristi-edited-768x576.jpg 768w, https:\/\/sous-le-mont.ch\/wp-content\/uploads\/2024\/08\/Kristi-edited-1536x1152.jpg 1536w, https:\/\/sous-le-mont.ch\/wp-content\/uploads\/2024\/08\/Kristi-edited-2048x1537.jpg 2048w\" sizes=\"auto, (max-width: 2560px) 100vw, 2560px\" \/><figcaption class=\"wp-element-caption\">Kristy<\/figcaption><\/figure>\n<\/div><\/figure>","protected":false},"excerpt":{"rendered":"<p class=\"translation-block\">Nous pratiquons l\u2019\u00e9levage de vaches allaitantes avec les races Angus, Belted Galloway, Lowline Angus ainsi que le b\u00e9tail gris rh\u00e9tique.<\/p>","protected":false},"author":4,"featured_media":499,"parent":0,"menu_order":0,"comment_status":"closed","ping_status":"closed","template":"","meta":{"inline_featured_image":false,"_themeisle_gutenberg_block_has_review":false,"footnotes":""},"class_list":["post-444","page","type-page","status-publish","has-post-thumbnail","hentry"],"yoast_head":"<!-- This site is optimized with the Yoast SEO plugin v27.4 - https:\/\/yoast.com\/product\/yoast-seo-wordpress\/ -->\n<title>Tiere - Hof Sous-le-Mont<\/title>\n<meta name=\"robots\" content=\"index, follow, max-snippet:-1, max-image-preview:large, max-video-preview:-1\" \/>\n<link rel=\"canonical\" href=\"https:\/\/sous-le-mont.ch\/fr\/tiere\/\" \/>\n<meta property=\"og:locale\" content=\"fr_FR\" \/>\n<meta property=\"og:type\" content=\"article\" \/>\n<meta property=\"og:title\" content=\"Tiere - Hof Sous-le-Mont\" \/>\n<meta property=\"og:description\" content=\"Wir betreiben Mutterkuhhaltung mit den Rassen Angus, bellted Galloways und Low-line Angus sowie r\u00e4tischem Grauvieh.\" \/>\n<meta property=\"og:url\" content=\"https:\/\/sous-le-mont.ch\/fr\/tiere\/\" \/>\n<meta property=\"og:site_name\" content=\"Hof Sous-le-Mont\" \/>\n<meta property=\"article:modified_time\" content=\"2025-10-13T18:10:42+00:00\" \/>\n<meta property=\"og:image\" content=\"https:\/\/sous-le-mont.ch\/wp-content\/uploads\/2022\/09\/Kuhherde_Start_2.jpg\" \/>\n\t<meta property=\"og:image:width\" content=\"1279\" \/>\n\t<meta property=\"og:image:height\" content=\"655\" \/>\n\t<meta property=\"og:image:type\" content=\"image\/jpeg\" \/>\n<meta name=\"twitter:card\" content=\"summary_large_image\" \/>\n<meta name=\"twitter:label1\" content=\"Dur\u00e9e de lecture estim\u00e9e\" \/>\n\t<meta name=\"twitter:data1\" content=\"2 minutes\" \/>\n<script type=\"application\/ld+json\" class=\"yoast-schema-graph\">{\"@context\":\"https:\\\/\\\/schema.org\",\"@graph\":[{\"@type\":\"WebPage\",\"@id\":\"https:\\\/\\\/sous-le-mont.ch\\\/tiere\\\/\",\"url\":\"https:\\\/\\\/sous-le-mont.ch\\\/tiere\\\/\",\"name\":\"Tiere - Hof Sous-le-Mont\",\"isPartOf\":{\"@id\":\"https:\\\/\\\/sous-le-mont.ch\\\/#website\"},\"primaryImageOfPage\":{\"@id\":\"https:\\\/\\\/sous-le-mont.ch\\\/tiere\\\/#primaryimage\"},\"image\":{\"@id\":\"https:\\\/\\\/sous-le-mont.ch\\\/tiere\\\/#primaryimage\"},\"thumbnailUrl\":\"https:\\\/\\\/sous-le-mont.ch\\\/wp-content\\\/uploads\\\/2022\\\/09\\\/Kuhherde_Start_2.jpg\",\"datePublished\":\"2022-09-07T09:13:26+00:00\",\"dateModified\":\"2025-10-13T18:10:42+00:00\",\"breadcrumb\":{\"@id\":\"https:\\\/\\\/sous-le-mont.ch\\\/tiere\\\/#breadcrumb\"},\"inLanguage\":\"fr-FR\",\"potentialAction\":[{\"@type\":\"ReadAction\",\"target\":[\"https:\\\/\\\/sous-le-mont.ch\\\/tiere\\\/\"]}]},{\"@type\":\"ImageObject\",\"inLanguage\":\"fr-FR\",\"@id\":\"https:\\\/\\\/sous-le-mont.ch\\\/tiere\\\/#primaryimage\",\"url\":\"https:\\\/\\\/sous-le-mont.ch\\\/wp-content\\\/uploads\\\/2022\\\/09\\\/Kuhherde_Start_2.jpg\",\"contentUrl\":\"https:\\\/\\\/sous-le-mont.ch\\\/wp-content\\\/uploads\\\/2022\\\/09\\\/Kuhherde_Start_2.jpg\",\"width\":1279,\"height\":655},{\"@type\":\"BreadcrumbList\",\"@id\":\"https:\\\/\\\/sous-le-mont.ch\\\/tiere\\\/#breadcrumb\",\"itemListElement\":[{\"@type\":\"ListItem\",\"position\":1,\"name\":\"Home\",\"item\":\"https:\\\/\\\/sous-le-mont.ch\\\/\"},{\"@type\":\"ListItem\",\"position\":2,\"name\":\"Tiere\"}]},{\"@type\":\"WebSite\",\"@id\":\"https:\\\/\\\/sous-le-mont.ch\\\/#website\",\"url\":\"https:\\\/\\\/sous-le-mont.ch\\\/\",\"name\":\"Hof Sous-le-Mont\",\"description\":\"Bio Beef aus bester Haltung &amp; Hoft\u00f6tung\",\"publisher\":{\"@id\":\"https:\\\/\\\/sous-le-mont.ch\\\/#organization\"},\"potentialAction\":[{\"@type\":\"SearchAction\",\"target\":{\"@type\":\"EntryPoint\",\"urlTemplate\":\"https:\\\/\\\/sous-le-mont.ch\\\/?s={search_term_string}\"},\"query-input\":{\"@type\":\"PropertyValueSpecification\",\"valueRequired\":true,\"valueName\":\"search_term_string\"}}],\"inLanguage\":\"fr-FR\"},{\"@type\":\"Organization\",\"@id\":\"https:\\\/\\\/sous-le-mont.ch\\\/#organization\",\"name\":\"Hof Sous-le-Mont\",\"url\":\"https:\\\/\\\/sous-le-mont.ch\\\/\",\"logo\":{\"@type\":\"ImageObject\",\"inLanguage\":\"fr-FR\",\"@id\":\"https:\\\/\\\/sous-le-mont.ch\\\/#\\\/schema\\\/logo\\\/image\\\/\",\"url\":\"https:\\\/\\\/sous-le-mont.ch\\\/wp-content\\\/uploads\\\/2025\\\/09\\\/cropped-Kuh.png\",\"contentUrl\":\"https:\\\/\\\/sous-le-mont.ch\\\/wp-content\\\/uploads\\\/2025\\\/09\\\/cropped-Kuh.png\",\"width\":482,\"height\":322,\"caption\":\"Hof Sous-le-Mont\"},\"image\":{\"@id\":\"https:\\\/\\\/sous-le-mont.ch\\\/#\\\/schema\\\/logo\\\/image\\\/\"}}]}<\/script>\n<!-- \/ Yoast SEO plugin. -->","yoast_head_json":{"title":"Tiere - Hof Sous-le-Mont","robots":{"index":"index","follow":"follow","max-snippet":"max-snippet:-1","max-image-preview":"max-image-preview:large","max-video-preview":"max-video-preview:-1"},"canonical":"https:\/\/sous-le-mont.ch\/fr\/tiere\/","og_locale":"fr_FR","og_type":"article","og_title":"Tiere - Hof Sous-le-Mont","og_description":"Wir betreiben Mutterkuhhaltung mit den Rassen Angus, bellted Galloways und Low-line Angus sowie r\u00e4tischem Grauvieh.","og_url":"https:\/\/sous-le-mont.ch\/fr\/tiere\/","og_site_name":"Hof Sous-le-Mont","article_modified_time":"2025-10-13T18:10:42+00:00","og_image":[{"width":1279,"height":655,"url":"https:\/\/sous-le-mont.ch\/wp-content\/uploads\/2022\/09\/Kuhherde_Start_2.jpg","type":"image\/jpeg"}],"twitter_card":"summary_large_image","twitter_misc":{"Dur\u00e9e de lecture estim\u00e9e":"2 minutes"},"schema":{"@context":"https:\/\/schema.org","@graph":[{"@type":"WebPage","@id":"https:\/\/sous-le-mont.ch\/tiere\/","url":"https:\/\/sous-le-mont.ch\/tiere\/","name":"Tiere - Hof Sous-le-Mont","isPartOf":{"@id":"https:\/\/sous-le-mont.ch\/#website"},"primaryImageOfPage":{"@id":"https:\/\/sous-le-mont.ch\/tiere\/#primaryimage"},"image":{"@id":"https:\/\/sous-le-mont.ch\/tiere\/#primaryimage"},"thumbnailUrl":"https:\/\/sous-le-mont.ch\/wp-content\/uploads\/2022\/09\/Kuhherde_Start_2.jpg","datePublished":"2022-09-07T09:13:26+00:00","dateModified":"2025-10-13T18:10:42+00:00","breadcrumb":{"@id":"https:\/\/sous-le-mont.ch\/tiere\/#breadcrumb"},"inLanguage":"fr-FR","potentialAction":[{"@type":"ReadAction","target":["https:\/\/sous-le-mont.ch\/tiere\/"]}]},{"@type":"ImageObject","inLanguage":"fr-FR","@id":"https:\/\/sous-le-mont.ch\/tiere\/#primaryimage","url":"https:\/\/sous-le-mont.ch\/wp-content\/uploads\/2022\/09\/Kuhherde_Start_2.jpg","contentUrl":"https:\/\/sous-le-mont.ch\/wp-content\/uploads\/2022\/09\/Kuhherde_Start_2.jpg","width":1279,"height":655},{"@type":"BreadcrumbList","@id":"https:\/\/sous-le-mont.ch\/tiere\/#breadcrumb","itemListElement":[{"@type":"ListItem","position":1,"name":"Home","item":"https:\/\/sous-le-mont.ch\/"},{"@type":"ListItem","position":2,"name":"Tiere"}]},{"@type":"WebSite","@id":"https:\/\/sous-le-mont.ch\/#website","url":"https:\/\/sous-le-mont.ch\/","name":"Hof Sous-le-Mont","description":"Viande de b\u0153uf biologique issue mis-\u00e0-mort \u00e0 la ferme","publisher":{"@id":"https:\/\/sous-le-mont.ch\/#organization"},"potentialAction":[{"@type":"SearchAction","target":{"@type":"EntryPoint","urlTemplate":"https:\/\/sous-le-mont.ch\/?s={search_term_string}"},"query-input":{"@type":"PropertyValueSpecification","valueRequired":true,"valueName":"search_term_string"}}],"inLanguage":"fr-FR"},{"@type":"Organization","@id":"https:\/\/sous-le-mont.ch\/#organization","name":"Hof Sous-le-Mont","url":"https:\/\/sous-le-mont.ch\/","logo":{"@type":"ImageObject","inLanguage":"fr-FR","@id":"https:\/\/sous-le-mont.ch\/#\/schema\/logo\/image\/","url":"https:\/\/sous-le-mont.ch\/wp-content\/uploads\/2025\/09\/cropped-Kuh.png","contentUrl":"https:\/\/sous-le-mont.ch\/wp-content\/uploads\/2025\/09\/cropped-Kuh.png","width":482,"height":322,"caption":"Hof Sous-le-Mont"},"image":{"@id":"https:\/\/sous-le-mont.ch\/#\/schema\/logo\/image\/"}}]}},"_links":{"self":[{"href":"https:\/\/sous-le-mont.ch\/fr\/wp-json\/wp\/v2\/pages\/444","targetHints":{"allow":["GET"]}}],"collection":[{"href":"https:\/\/sous-le-mont.ch\/fr\/wp-json\/wp\/v2\/pages"}],"about":[{"href":"https:\/\/sous-le-mont.ch\/fr\/wp-json\/wp\/v2\/types\/page"}],"author":[{"embeddable":true,"href":"https:\/\/sous-le-mont.ch\/fr\/wp-json\/wp\/v2\/users\/4"}],"replies":[{"embeddable":true,"href":"https:\/\/sous-le-mont.ch\/fr\/wp-json\/wp\/v2\/comments?post=444"}],"version-history":[{"count":9,"href":"https:\/\/sous-le-mont.ch\/fr\/wp-json\/wp\/v2\/pages\/444\/revisions"}],"predecessor-version":[{"id":1123,"href":"https:\/\/sous-le-mont.ch\/fr\/wp-json\/wp\/v2\/pages\/444\/revisions\/1123"}],"wp:featuredmedia":[{"embeddable":true,"href":"https:\/\/sous-le-mont.ch\/fr\/wp-json\/wp\/v2\/media\/499"}],"wp:attachment":[{"href":"https:\/\/sous-le-mont.ch\/fr\/wp-json\/wp\/v2\/media?parent=444"}],"curies":[{"name":"wp","href":"https:\/\/api.w.org\/{rel}","templated":true}]}}