{"id":466,"date":"2022-09-07T10:46:51","date_gmt":"2022-09-07T09:46:51","guid":{"rendered":"https:\/\/sous-le-mont.ch\/?page_id=466"},"modified":"2022-11-03T16:46:46","modified_gmt":"2022-11-03T15:46:46","slug":"forstwirtschaft","status":"publish","type":"page","link":"https:\/\/sous-le-mont.ch\/fr\/forstwirtschaft\/","title":{"rendered":"Sylviculture"},"content":{"rendered":"<p>Notre domaine \u00abSous-le-Mont\u00bb comprend 40 hectares de for\u00eat mixte et se situe sur un versant nord-ouest au-dessus du Doubs. Le changement climatique y est clairement visible. L\u00e0 o\u00f9 il y avait encore majoritairement des \u00e9pic\u00e9as il y a quelques d\u00e9cennies, ils se font aujourd\u2019hui de plus en plus rares. Le bostryche a la t\u00e2che facile, car les \u00e9pic\u00e9as sont affaiblis par la chaleur. Ainsi, rien qu\u2019en hiver 2022, nous avons d\u00fb r\u00e9colter 500 m\u00e8tres cubes de bois d\u2019\u00e9pic\u00e9a infest\u00e9 par le bostryche. Ce bois a \u00e9t\u00e9 vendu comme bois de construction.<br>\u00c0 l\u2019avenir, nous souhaitons g\u00e9rer la for\u00eat de mani\u00e8re \u00e0 pouvoir r\u00e9colter du bois de chauffage pour nos besoins personnels ainsi que pour la vente. Le bois sera \u00e9galement sci\u00e9 sur place et utilis\u00e9 pour nos projets de construction. La d\u00e9cision de continuer \u00e0 r\u00e9colter du bois de construction destin\u00e9 \u00e0 la vente d\u00e9pendra du prix du bois.<\/p>\n\n\n\n<div class=\"wp-block-columns is-layout-flex wp-container-core-columns-is-layout-28f84493 wp-block-columns-is-layout-flex\">\n<div class=\"wp-block-column is-layout-flow wp-block-column-is-layout-flow\" style=\"flex-basis:100%\">\n<div class=\"wp-block-group\"><div class=\"wp-block-group__inner-container is-layout-flow wp-block-group-is-layout-flow\">\n<figure class=\"wp-block-gallery has-nested-images columns-1 is-cropped wp-block-gallery-2 is-layout-flex wp-block-gallery-is-layout-flex\">\n<figure class=\"wp-block-image size-large\"><img loading=\"lazy\" decoding=\"async\" width=\"1024\" height=\"461\" data-id=\"467\" src=\"https:\/\/sous-le-mont.ch\/wp-content\/uploads\/2022\/09\/Holz-1024x461.jpg\" alt=\"\" class=\"wp-image-467\" srcset=\"https:\/\/sous-le-mont.ch\/wp-content\/uploads\/2022\/09\/Holz-1024x461.jpg 1024w, https:\/\/sous-le-mont.ch\/wp-content\/uploads\/2022\/09\/Holz-300x135.jpg 300w, https:\/\/sous-le-mont.ch\/wp-content\/uploads\/2022\/09\/Holz-768x346.jpg 768w, https:\/\/sous-le-mont.ch\/wp-content\/uploads\/2022\/09\/Holz-1536x691.jpg 1536w, https:\/\/sous-le-mont.ch\/wp-content\/uploads\/2022\/09\/Holz-2048x922.jpg 2048w\" sizes=\"auto, (max-width: 1024px) 100vw, 1024px\" \/><\/figure>\n\n\n\n<figure class=\"wp-block-image size-large\"><img loading=\"lazy\" decoding=\"async\" width=\"1024\" height=\"461\" data-id=\"469\" src=\"https:\/\/sous-le-mont.ch\/wp-content\/uploads\/2022\/09\/Holz_Sagen-1024x461.jpg\" alt=\"\" class=\"wp-image-469\" srcset=\"https:\/\/sous-le-mont.ch\/wp-content\/uploads\/2022\/09\/Holz_Sagen-1024x461.jpg 1024w, https:\/\/sous-le-mont.ch\/wp-content\/uploads\/2022\/09\/Holz_Sagen-300x135.jpg 300w, https:\/\/sous-le-mont.ch\/wp-content\/uploads\/2022\/09\/Holz_Sagen-768x346.jpg 768w, https:\/\/sous-le-mont.ch\/wp-content\/uploads\/2022\/09\/Holz_Sagen-1536x691.jpg 1536w, https:\/\/sous-le-mont.ch\/wp-content\/uploads\/2022\/09\/Holz_Sagen-2048x922.jpg 2048w\" sizes=\"auto, (max-width: 1024px) 100vw, 1024px\" \/><\/figure>\n\n\n\n<figure class=\"wp-block-image size-large\"><img loading=\"lazy\" decoding=\"async\" width=\"1024\" height=\"461\" data-id=\"470\" src=\"https:\/\/sous-le-mont.ch\/wp-content\/uploads\/2022\/09\/Laiguille-Holz-1024x461.jpg\" alt=\"\" class=\"wp-image-470\" srcset=\"https:\/\/sous-le-mont.ch\/wp-content\/uploads\/2022\/09\/Laiguille-Holz-1024x461.jpg 1024w, https:\/\/sous-le-mont.ch\/wp-content\/uploads\/2022\/09\/Laiguille-Holz-300x135.jpg 300w, https:\/\/sous-le-mont.ch\/wp-content\/uploads\/2022\/09\/Laiguille-Holz-768x346.jpg 768w, https:\/\/sous-le-mont.ch\/wp-content\/uploads\/2022\/09\/Laiguille-Holz-1536x691.jpg 1536w, https:\/\/sous-le-mont.ch\/wp-content\/uploads\/2022\/09\/Laiguille-Holz-2048x922.jpg 2048w\" sizes=\"auto, (max-width: 1024px) 100vw, 1024px\" \/><\/figure>\n\n\n\n<figure class=\"wp-block-image size-large\"><img loading=\"lazy\" decoding=\"async\" width=\"1024\" height=\"461\" data-id=\"468\" src=\"https:\/\/sous-le-mont.ch\/wp-content\/uploads\/2022\/09\/Holz_rumkranen-1024x461.jpg\" alt=\"\" class=\"wp-image-468\" srcset=\"https:\/\/sous-le-mont.ch\/wp-content\/uploads\/2022\/09\/Holz_rumkranen-1024x461.jpg 1024w, https:\/\/sous-le-mont.ch\/wp-content\/uploads\/2022\/09\/Holz_rumkranen-300x135.jpg 300w, https:\/\/sous-le-mont.ch\/wp-content\/uploads\/2022\/09\/Holz_rumkranen-768x346.jpg 768w, https:\/\/sous-le-mont.ch\/wp-content\/uploads\/2022\/09\/Holz_rumkranen-1536x691.jpg 1536w, https:\/\/sous-le-mont.ch\/wp-content\/uploads\/2022\/09\/Holz_rumkranen-2048x922.jpg 2048w\" sizes=\"auto, (max-width: 1024px) 100vw, 1024px\" \/><\/figure>\n<\/figure>\n<\/div><\/div>\n<\/div>\n<\/div>","protected":false},"excerpt":{"rendered":"<p>Unser Hof &#171;Sous-le-Mont&#187; umfasst 40ha Mischwald und liegt an einem Nordwesthang oberhalb des Doubs. Die Klimaver\u00e4nderung ist hier gut ersichtlich. Wo es vor ein paar Jahrzehnten noch \u00fcberwiegend Fichtenb\u00e4ume hatte, gibt es heute immer weniger. Der Borkenk\u00e4fer hat leichtes Spiel, da die Fichten von der W\u00e4rme geschw\u00e4cht sind. Somit mussten [&hellip;]<\/p>","protected":false},"author":4,"featured_media":501,"parent":0,"menu_order":0,"comment_status":"closed","ping_status":"closed","template":"","meta":{"inline_featured_image":false,"_themeisle_gutenberg_block_has_review":false,"footnotes":""},"class_list":["post-466","page","type-page","status-publish","has-post-thumbnail","hentry"],"yoast_head":"<!-- This site is optimized with the Yoast SEO plugin v27.4 - https:\/\/yoast.com\/product\/yoast-seo-wordpress\/ -->\n<title>Forstwirtschaft - Hof Sous-le-Mont<\/title>\n<meta name=\"robots\" content=\"index, follow, max-snippet:-1, max-image-preview:large, max-video-preview:-1\" \/>\n<link rel=\"canonical\" href=\"https:\/\/sous-le-mont.ch\/fr\/forstwirtschaft\/\" \/>\n<meta property=\"og:locale\" content=\"fr_FR\" \/>\n<meta property=\"og:type\" content=\"article\" \/>\n<meta property=\"og:title\" content=\"Forstwirtschaft - Hof Sous-le-Mont\" \/>\n<meta property=\"og:description\" content=\"Unser Hof &#171;Sous-le-Mont&#187; umfasst 40ha Mischwald und liegt an einem Nordwesthang oberhalb des Doubs. Die Klimaver\u00e4nderung ist hier gut ersichtlich. Wo es vor ein paar Jahrzehnten noch \u00fcberwiegend Fichtenb\u00e4ume hatte, gibt es heute immer weniger. Der Borkenk\u00e4fer hat leichtes Spiel, da die Fichten von der W\u00e4rme geschw\u00e4cht sind. Somit mussten [&hellip;]\" \/>\n<meta property=\"og:url\" content=\"https:\/\/sous-le-mont.ch\/fr\/forstwirtschaft\/\" \/>\n<meta property=\"og:site_name\" content=\"Hof Sous-le-Mont\" \/>\n<meta property=\"article:modified_time\" content=\"2022-11-03T15:46:46+00:00\" \/>\n<meta property=\"og:image\" content=\"https:\/\/sous-le-mont.ch\/wp-content\/uploads\/2022\/09\/photo_2022-03-07_19-44-18.jpg\" \/>\n\t<meta property=\"og:image:width\" content=\"1280\" \/>\n\t<meta property=\"og:image:height\" content=\"960\" \/>\n\t<meta property=\"og:image:type\" content=\"image\/jpeg\" \/>\n<meta name=\"twitter:card\" content=\"summary_large_image\" \/>\n<meta name=\"twitter:label1\" content=\"Dur\u00e9e de lecture estim\u00e9e\" \/>\n\t<meta name=\"twitter:data1\" content=\"2 minutes\" \/>\n<script type=\"application\/ld+json\" class=\"yoast-schema-graph\">{\"@context\":\"https:\\\/\\\/schema.org\",\"@graph\":[{\"@type\":\"WebPage\",\"@id\":\"https:\\\/\\\/sous-le-mont.ch\\\/forstwirtschaft\\\/\",\"url\":\"https:\\\/\\\/sous-le-mont.ch\\\/forstwirtschaft\\\/\",\"name\":\"Forstwirtschaft - Hof Sous-le-Mont\",\"isPartOf\":{\"@id\":\"https:\\\/\\\/sous-le-mont.ch\\\/#website\"},\"primaryImageOfPage\":{\"@id\":\"https:\\\/\\\/sous-le-mont.ch\\\/forstwirtschaft\\\/#primaryimage\"},\"image\":{\"@id\":\"https:\\\/\\\/sous-le-mont.ch\\\/forstwirtschaft\\\/#primaryimage\"},\"thumbnailUrl\":\"https:\\\/\\\/sous-le-mont.ch\\\/wp-content\\\/uploads\\\/2022\\\/09\\\/photo_2022-03-07_19-44-18.jpg\",\"datePublished\":\"2022-09-07T09:46:51+00:00\",\"dateModified\":\"2022-11-03T15:46:46+00:00\",\"breadcrumb\":{\"@id\":\"https:\\\/\\\/sous-le-mont.ch\\\/forstwirtschaft\\\/#breadcrumb\"},\"inLanguage\":\"fr-FR\",\"potentialAction\":[{\"@type\":\"ReadAction\",\"target\":[\"https:\\\/\\\/sous-le-mont.ch\\\/forstwirtschaft\\\/\"]}]},{\"@type\":\"ImageObject\",\"inLanguage\":\"fr-FR\",\"@id\":\"https:\\\/\\\/sous-le-mont.ch\\\/forstwirtschaft\\\/#primaryimage\",\"url\":\"https:\\\/\\\/sous-le-mont.ch\\\/wp-content\\\/uploads\\\/2022\\\/09\\\/photo_2022-03-07_19-44-18.jpg\",\"contentUrl\":\"https:\\\/\\\/sous-le-mont.ch\\\/wp-content\\\/uploads\\\/2022\\\/09\\\/photo_2022-03-07_19-44-18.jpg\",\"width\":1280,\"height\":960},{\"@type\":\"BreadcrumbList\",\"@id\":\"https:\\\/\\\/sous-le-mont.ch\\\/forstwirtschaft\\\/#breadcrumb\",\"itemListElement\":[{\"@type\":\"ListItem\",\"position\":1,\"name\":\"Home\",\"item\":\"https:\\\/\\\/sous-le-mont.ch\\\/\"},{\"@type\":\"ListItem\",\"position\":2,\"name\":\"Forstwirtschaft\"}]},{\"@type\":\"WebSite\",\"@id\":\"https:\\\/\\\/sous-le-mont.ch\\\/#website\",\"url\":\"https:\\\/\\\/sous-le-mont.ch\\\/\",\"name\":\"Hof Sous-le-Mont\",\"description\":\"Bio Beef aus bester Haltung &amp; Hoft\u00f6tung\",\"publisher\":{\"@id\":\"https:\\\/\\\/sous-le-mont.ch\\\/#organization\"},\"potentialAction\":[{\"@type\":\"SearchAction\",\"target\":{\"@type\":\"EntryPoint\",\"urlTemplate\":\"https:\\\/\\\/sous-le-mont.ch\\\/?s={search_term_string}\"},\"query-input\":{\"@type\":\"PropertyValueSpecification\",\"valueRequired\":true,\"valueName\":\"search_term_string\"}}],\"inLanguage\":\"fr-FR\"},{\"@type\":\"Organization\",\"@id\":\"https:\\\/\\\/sous-le-mont.ch\\\/#organization\",\"name\":\"Hof Sous-le-Mont\",\"url\":\"https:\\\/\\\/sous-le-mont.ch\\\/\",\"logo\":{\"@type\":\"ImageObject\",\"inLanguage\":\"fr-FR\",\"@id\":\"https:\\\/\\\/sous-le-mont.ch\\\/#\\\/schema\\\/logo\\\/image\\\/\",\"url\":\"https:\\\/\\\/sous-le-mont.ch\\\/wp-content\\\/uploads\\\/2025\\\/09\\\/cropped-Kuh.png\",\"contentUrl\":\"https:\\\/\\\/sous-le-mont.ch\\\/wp-content\\\/uploads\\\/2025\\\/09\\\/cropped-Kuh.png\",\"width\":482,\"height\":322,\"caption\":\"Hof Sous-le-Mont\"},\"image\":{\"@id\":\"https:\\\/\\\/sous-le-mont.ch\\\/#\\\/schema\\\/logo\\\/image\\\/\"}}]}<\/script>\n<!-- \/ Yoast SEO plugin. -->","yoast_head_json":{"title":"Forstwirtschaft - Hof Sous-le-Mont","robots":{"index":"index","follow":"follow","max-snippet":"max-snippet:-1","max-image-preview":"max-image-preview:large","max-video-preview":"max-video-preview:-1"},"canonical":"https:\/\/sous-le-mont.ch\/fr\/forstwirtschaft\/","og_locale":"fr_FR","og_type":"article","og_title":"Forstwirtschaft - Hof Sous-le-Mont","og_description":"Unser Hof &#171;Sous-le-Mont&#187; umfasst 40ha Mischwald und liegt an einem Nordwesthang oberhalb des Doubs. Die Klimaver\u00e4nderung ist hier gut ersichtlich. Wo es vor ein paar Jahrzehnten noch \u00fcberwiegend Fichtenb\u00e4ume hatte, gibt es heute immer weniger. Der Borkenk\u00e4fer hat leichtes Spiel, da die Fichten von der W\u00e4rme geschw\u00e4cht sind. Somit mussten [&hellip;]","og_url":"https:\/\/sous-le-mont.ch\/fr\/forstwirtschaft\/","og_site_name":"Hof Sous-le-Mont","article_modified_time":"2022-11-03T15:46:46+00:00","og_image":[{"width":1280,"height":960,"url":"https:\/\/sous-le-mont.ch\/wp-content\/uploads\/2022\/09\/photo_2022-03-07_19-44-18.jpg","type":"image\/jpeg"}],"twitter_card":"summary_large_image","twitter_misc":{"Dur\u00e9e de lecture estim\u00e9e":"2 minutes"},"schema":{"@context":"https:\/\/schema.org","@graph":[{"@type":"WebPage","@id":"https:\/\/sous-le-mont.ch\/forstwirtschaft\/","url":"https:\/\/sous-le-mont.ch\/forstwirtschaft\/","name":"Forstwirtschaft - Hof Sous-le-Mont","isPartOf":{"@id":"https:\/\/sous-le-mont.ch\/#website"},"primaryImageOfPage":{"@id":"https:\/\/sous-le-mont.ch\/forstwirtschaft\/#primaryimage"},"image":{"@id":"https:\/\/sous-le-mont.ch\/forstwirtschaft\/#primaryimage"},"thumbnailUrl":"https:\/\/sous-le-mont.ch\/wp-content\/uploads\/2022\/09\/photo_2022-03-07_19-44-18.jpg","datePublished":"2022-09-07T09:46:51+00:00","dateModified":"2022-11-03T15:46:46+00:00","breadcrumb":{"@id":"https:\/\/sous-le-mont.ch\/forstwirtschaft\/#breadcrumb"},"inLanguage":"fr-FR","potentialAction":[{"@type":"ReadAction","target":["https:\/\/sous-le-mont.ch\/forstwirtschaft\/"]}]},{"@type":"ImageObject","inLanguage":"fr-FR","@id":"https:\/\/sous-le-mont.ch\/forstwirtschaft\/#primaryimage","url":"https:\/\/sous-le-mont.ch\/wp-content\/uploads\/2022\/09\/photo_2022-03-07_19-44-18.jpg","contentUrl":"https:\/\/sous-le-mont.ch\/wp-content\/uploads\/2022\/09\/photo_2022-03-07_19-44-18.jpg","width":1280,"height":960},{"@type":"BreadcrumbList","@id":"https:\/\/sous-le-mont.ch\/forstwirtschaft\/#breadcrumb","itemListElement":[{"@type":"ListItem","position":1,"name":"Home","item":"https:\/\/sous-le-mont.ch\/"},{"@type":"ListItem","position":2,"name":"Forstwirtschaft"}]},{"@type":"WebSite","@id":"https:\/\/sous-le-mont.ch\/#website","url":"https:\/\/sous-le-mont.ch\/","name":"Hof Sous-le-Mont","description":"Viande de b\u0153uf biologique issue mis-\u00e0-mort \u00e0 la ferme","publisher":{"@id":"https:\/\/sous-le-mont.ch\/#organization"},"potentialAction":[{"@type":"SearchAction","target":{"@type":"EntryPoint","urlTemplate":"https:\/\/sous-le-mont.ch\/?s={search_term_string}"},"query-input":{"@type":"PropertyValueSpecification","valueRequired":true,"valueName":"search_term_string"}}],"inLanguage":"fr-FR"},{"@type":"Organization","@id":"https:\/\/sous-le-mont.ch\/#organization","name":"Hof Sous-le-Mont","url":"https:\/\/sous-le-mont.ch\/","logo":{"@type":"ImageObject","inLanguage":"fr-FR","@id":"https:\/\/sous-le-mont.ch\/#\/schema\/logo\/image\/","url":"https:\/\/sous-le-mont.ch\/wp-content\/uploads\/2025\/09\/cropped-Kuh.png","contentUrl":"https:\/\/sous-le-mont.ch\/wp-content\/uploads\/2025\/09\/cropped-Kuh.png","width":482,"height":322,"caption":"Hof Sous-le-Mont"},"image":{"@id":"https:\/\/sous-le-mont.ch\/#\/schema\/logo\/image\/"}}]}},"_links":{"self":[{"href":"https:\/\/sous-le-mont.ch\/fr\/wp-json\/wp\/v2\/pages\/466","targetHints":{"allow":["GET"]}}],"collection":[{"href":"https:\/\/sous-le-mont.ch\/fr\/wp-json\/wp\/v2\/pages"}],"about":[{"href":"https:\/\/sous-le-mont.ch\/fr\/wp-json\/wp\/v2\/types\/page"}],"author":[{"embeddable":true,"href":"https:\/\/sous-le-mont.ch\/fr\/wp-json\/wp\/v2\/users\/4"}],"replies":[{"embeddable":true,"href":"https:\/\/sous-le-mont.ch\/fr\/wp-json\/wp\/v2\/comments?post=466"}],"version-history":[{"count":5,"href":"https:\/\/sous-le-mont.ch\/fr\/wp-json\/wp\/v2\/pages\/466\/revisions"}],"predecessor-version":[{"id":632,"href":"https:\/\/sous-le-mont.ch\/fr\/wp-json\/wp\/v2\/pages\/466\/revisions\/632"}],"wp:featuredmedia":[{"embeddable":true,"href":"https:\/\/sous-le-mont.ch\/fr\/wp-json\/wp\/v2\/media\/501"}],"wp:attachment":[{"href":"https:\/\/sous-le-mont.ch\/fr\/wp-json\/wp\/v2\/media?parent=466"}],"curies":[{"name":"wp","href":"https:\/\/api.w.org\/{rel}","templated":true}]}}