{"id":472,"date":"2022-09-07T11:29:37","date_gmt":"2022-09-07T10:29:37","guid":{"rendered":"https:\/\/sous-le-mont.ch\/?page_id=472"},"modified":"2024-08-28T16:33:12","modified_gmt":"2024-08-28T15:33:12","slug":"obst-und-gemuese","status":"publish","type":"page","link":"https:\/\/sous-le-mont.ch\/fr\/obst-und-gemuese\/","title":{"rendered":"Fruits et l\u00e9gumes"},"content":{"rendered":"<h2 class=\"wp-block-heading\">Fruits<\/h2>\n\n\n\n<p>Les 400 arbres fruitiers nourrissent les abeilles et les insectes, offrent des refuges et nous gratifient de fruits frais. Nous produisons du jus de pommes mis en vente \u00e0 la ferme.<\/p>\n\n\n\n<div class=\"wp-block-columns is-layout-flex wp-container-core-columns-is-layout-28f84493 wp-block-columns-is-layout-flex\">\n<div class=\"wp-block-column is-layout-flow wp-block-column-is-layout-flow\" style=\"flex-basis:100%\">\n<div class=\"wp-block-group\"><div class=\"wp-block-group__inner-container is-layout-flow wp-block-group-is-layout-flow\">\n<div class=\"wp-block-group\"><div class=\"wp-block-group__inner-container is-layout-flow wp-block-group-is-layout-flow\">\n<figure class=\"wp-block-gallery has-nested-images columns-default is-cropped wp-block-gallery-2 is-layout-flex wp-block-gallery-is-layout-flex\">\n<figure class=\"wp-block-image size-large\"><img loading=\"lazy\" decoding=\"async\" width=\"1024\" height=\"461\" data-id=\"520\" src=\"https:\/\/sous-le-mont.ch\/wp-content\/uploads\/2022\/09\/20220506_163856-1024x461.jpg\" alt=\"\" class=\"wp-image-520\" srcset=\"https:\/\/sous-le-mont.ch\/wp-content\/uploads\/2022\/09\/20220506_163856-1024x461.jpg 1024w, https:\/\/sous-le-mont.ch\/wp-content\/uploads\/2022\/09\/20220506_163856-300x135.jpg 300w, https:\/\/sous-le-mont.ch\/wp-content\/uploads\/2022\/09\/20220506_163856-768x346.jpg 768w, https:\/\/sous-le-mont.ch\/wp-content\/uploads\/2022\/09\/20220506_163856-1536x691.jpg 1536w, https:\/\/sous-le-mont.ch\/wp-content\/uploads\/2022\/09\/20220506_163856-2048x922.jpg 2048w\" sizes=\"auto, (max-width: 1024px) 100vw, 1024px\" \/><\/figure>\n\n\n\n<figure class=\"wp-block-image size-large\"><img loading=\"lazy\" decoding=\"async\" width=\"1024\" height=\"461\" data-id=\"519\" src=\"https:\/\/sous-le-mont.ch\/wp-content\/uploads\/2022\/09\/Apfelbaum-1-1024x461.jpg\" alt=\"\" class=\"wp-image-519\" srcset=\"https:\/\/sous-le-mont.ch\/wp-content\/uploads\/2022\/09\/Apfelbaum-1-1024x461.jpg 1024w, https:\/\/sous-le-mont.ch\/wp-content\/uploads\/2022\/09\/Apfelbaum-1-300x135.jpg 300w, https:\/\/sous-le-mont.ch\/wp-content\/uploads\/2022\/09\/Apfelbaum-1-768x346.jpg 768w, https:\/\/sous-le-mont.ch\/wp-content\/uploads\/2022\/09\/Apfelbaum-1-1536x691.jpg 1536w, https:\/\/sous-le-mont.ch\/wp-content\/uploads\/2022\/09\/Apfelbaum-1-2048x922.jpg 2048w\" sizes=\"auto, (max-width: 1024px) 100vw, 1024px\" \/><\/figure>\n\n\n\n<figure class=\"wp-block-image size-large\"><img loading=\"lazy\" decoding=\"async\" width=\"1024\" height=\"683\" data-id=\"521\" src=\"https:\/\/sous-le-mont.ch\/wp-content\/uploads\/2022\/09\/Apfel-1-1024x683.jpg\" alt=\"\" class=\"wp-image-521\" srcset=\"https:\/\/sous-le-mont.ch\/wp-content\/uploads\/2022\/09\/Apfel-1-1024x683.jpg 1024w, https:\/\/sous-le-mont.ch\/wp-content\/uploads\/2022\/09\/Apfel-1-300x200.jpg 300w, https:\/\/sous-le-mont.ch\/wp-content\/uploads\/2022\/09\/Apfel-1-768x512.jpg 768w, https:\/\/sous-le-mont.ch\/wp-content\/uploads\/2022\/09\/Apfel-1-1536x1024.jpg 1536w, https:\/\/sous-le-mont.ch\/wp-content\/uploads\/2022\/09\/Apfel-1-2048x1365.jpg 2048w\" sizes=\"auto, (max-width: 1024px) 100vw, 1024px\" \/><\/figure>\n<\/figure>\n<\/div><\/div>\n<\/div><\/div>\n<\/div>\n<\/div>\n\n\n\n<h2 class=\"wp-block-heading\">Mara\u00eechage<\/h2>\n\n\n\n<p>Nous produisons nos propres l\u00e9gumes pour notre consommation.<\/p>\n\n\n\n<figure class=\"wp-block-image size-large\"><img loading=\"lazy\" decoding=\"async\" width=\"1024\" height=\"683\" src=\"https:\/\/sous-le-mont.ch\/wp-content\/uploads\/2022\/09\/Garten-1024x683.jpg\" alt=\"\" class=\"wp-image-522\" srcset=\"https:\/\/sous-le-mont.ch\/wp-content\/uploads\/2022\/09\/Garten-1024x683.jpg 1024w, https:\/\/sous-le-mont.ch\/wp-content\/uploads\/2022\/09\/Garten-300x200.jpg 300w, https:\/\/sous-le-mont.ch\/wp-content\/uploads\/2022\/09\/Garten-768x512.jpg 768w, https:\/\/sous-le-mont.ch\/wp-content\/uploads\/2022\/09\/Garten-1536x1024.jpg 1536w, https:\/\/sous-le-mont.ch\/wp-content\/uploads\/2022\/09\/Garten-2048x1365.jpg 2048w\" sizes=\"auto, (max-width: 1024px) 100vw, 1024px\" \/><\/figure>\n\n\n\n<figure class=\"wp-block-gallery has-nested-images columns-default is-cropped wp-block-gallery-3 is-layout-flex wp-block-gallery-is-layout-flex\">\n<figure class=\"wp-block-image size-large\"><img loading=\"lazy\" decoding=\"async\" width=\"683\" height=\"1024\" data-id=\"549\" src=\"https:\/\/sous-le-mont.ch\/wp-content\/uploads\/2022\/09\/DSCF3584-2-683x1024.jpg\" alt=\"\" class=\"wp-image-549\" srcset=\"https:\/\/sous-le-mont.ch\/wp-content\/uploads\/2022\/09\/DSCF3584-2-683x1024.jpg 683w, https:\/\/sous-le-mont.ch\/wp-content\/uploads\/2022\/09\/DSCF3584-2-200x300.jpg 200w, https:\/\/sous-le-mont.ch\/wp-content\/uploads\/2022\/09\/DSCF3584-2-768x1152.jpg 768w, https:\/\/sous-le-mont.ch\/wp-content\/uploads\/2022\/09\/DSCF3584-2-1024x1536.jpg 1024w, https:\/\/sous-le-mont.ch\/wp-content\/uploads\/2022\/09\/DSCF3584-2-1365x2048.jpg 1365w, https:\/\/sous-le-mont.ch\/wp-content\/uploads\/2022\/09\/DSCF3584-2-scaled.jpg 1707w\" sizes=\"auto, (max-width: 683px) 100vw, 683px\" \/><\/figure>\n<\/figure>","protected":false},"excerpt":{"rendered":"<p>Obst Die 400 Obstb\u00e4ume n\u00e4hren Bienen und Insekten, sorgen f\u00fcr R\u00fcckzugsorte und beschenken uns mit frischem Obst. Gartenbau Der Ertrag unserer G\u00e4rten ist f\u00fcr den Eigenbedarf der Hofgemeinschaft bestimmt.<\/p>","protected":false},"author":4,"featured_media":473,"parent":0,"menu_order":0,"comment_status":"closed","ping_status":"closed","template":"","meta":{"inline_featured_image":false,"_themeisle_gutenberg_block_has_review":false,"footnotes":""},"class_list":["post-472","page","type-page","status-publish","has-post-thumbnail","hentry"],"yoast_head":"<!-- This site is optimized with the Yoast SEO plugin v27.4 - https:\/\/yoast.com\/product\/yoast-seo-wordpress\/ -->\n<title>Obst und Gem\u00fcse - Hof Sous-le-Mont<\/title>\n<meta name=\"robots\" content=\"index, follow, max-snippet:-1, max-image-preview:large, max-video-preview:-1\" \/>\n<link rel=\"canonical\" href=\"https:\/\/sous-le-mont.ch\/fr\/obst-und-gemuese\/\" \/>\n<meta property=\"og:locale\" content=\"fr_FR\" \/>\n<meta property=\"og:type\" content=\"article\" \/>\n<meta property=\"og:title\" content=\"Obst und Gem\u00fcse - Hof Sous-le-Mont\" \/>\n<meta property=\"og:description\" content=\"Obst Die 400 Obstb\u00e4ume n\u00e4hren Bienen und Insekten, sorgen f\u00fcr R\u00fcckzugsorte und beschenken uns mit frischem Obst. Gartenbau Der Ertrag unserer G\u00e4rten ist f\u00fcr den Eigenbedarf der Hofgemeinschaft bestimmt.\" \/>\n<meta property=\"og:url\" content=\"https:\/\/sous-le-mont.ch\/fr\/obst-und-gemuese\/\" \/>\n<meta property=\"og:site_name\" content=\"Hof Sous-le-Mont\" \/>\n<meta property=\"article:modified_time\" content=\"2024-08-28T15:33:12+00:00\" \/>\n<meta property=\"og:image\" content=\"https:\/\/sous-le-mont.ch\/wp-content\/uploads\/2022\/09\/DSCF3609-scaled.jpg\" \/>\n\t<meta property=\"og:image:width\" content=\"2560\" \/>\n\t<meta property=\"og:image:height\" content=\"1707\" \/>\n\t<meta property=\"og:image:type\" content=\"image\/jpeg\" \/>\n<meta name=\"twitter:card\" content=\"summary_large_image\" \/>\n<meta name=\"twitter:label1\" content=\"Dur\u00e9e de lecture estim\u00e9e\" \/>\n\t<meta name=\"twitter:data1\" content=\"2 minutes\" \/>\n<script type=\"application\/ld+json\" class=\"yoast-schema-graph\">{\"@context\":\"https:\\\/\\\/schema.org\",\"@graph\":[{\"@type\":\"WebPage\",\"@id\":\"https:\\\/\\\/sous-le-mont.ch\\\/obst-und-gemuese\\\/\",\"url\":\"https:\\\/\\\/sous-le-mont.ch\\\/obst-und-gemuese\\\/\",\"name\":\"Obst und Gem\u00fcse - Hof Sous-le-Mont\",\"isPartOf\":{\"@id\":\"https:\\\/\\\/sous-le-mont.ch\\\/#website\"},\"primaryImageOfPage\":{\"@id\":\"https:\\\/\\\/sous-le-mont.ch\\\/obst-und-gemuese\\\/#primaryimage\"},\"image\":{\"@id\":\"https:\\\/\\\/sous-le-mont.ch\\\/obst-und-gemuese\\\/#primaryimage\"},\"thumbnailUrl\":\"https:\\\/\\\/sous-le-mont.ch\\\/wp-content\\\/uploads\\\/2022\\\/09\\\/DSCF3609-scaled.jpg\",\"datePublished\":\"2022-09-07T10:29:37+00:00\",\"dateModified\":\"2024-08-28T15:33:12+00:00\",\"breadcrumb\":{\"@id\":\"https:\\\/\\\/sous-le-mont.ch\\\/obst-und-gemuese\\\/#breadcrumb\"},\"inLanguage\":\"fr-FR\",\"potentialAction\":[{\"@type\":\"ReadAction\",\"target\":[\"https:\\\/\\\/sous-le-mont.ch\\\/obst-und-gemuese\\\/\"]}]},{\"@type\":\"ImageObject\",\"inLanguage\":\"fr-FR\",\"@id\":\"https:\\\/\\\/sous-le-mont.ch\\\/obst-und-gemuese\\\/#primaryimage\",\"url\":\"https:\\\/\\\/sous-le-mont.ch\\\/wp-content\\\/uploads\\\/2022\\\/09\\\/DSCF3609-scaled.jpg\",\"contentUrl\":\"https:\\\/\\\/sous-le-mont.ch\\\/wp-content\\\/uploads\\\/2022\\\/09\\\/DSCF3609-scaled.jpg\",\"width\":2560,\"height\":1707},{\"@type\":\"BreadcrumbList\",\"@id\":\"https:\\\/\\\/sous-le-mont.ch\\\/obst-und-gemuese\\\/#breadcrumb\",\"itemListElement\":[{\"@type\":\"ListItem\",\"position\":1,\"name\":\"Home\",\"item\":\"https:\\\/\\\/sous-le-mont.ch\\\/\"},{\"@type\":\"ListItem\",\"position\":2,\"name\":\"Obst und Gem\u00fcse\"}]},{\"@type\":\"WebSite\",\"@id\":\"https:\\\/\\\/sous-le-mont.ch\\\/#website\",\"url\":\"https:\\\/\\\/sous-le-mont.ch\\\/\",\"name\":\"Hof Sous-le-Mont\",\"description\":\"Bio Beef aus bester Haltung &amp; Hoft\u00f6tung\",\"publisher\":{\"@id\":\"https:\\\/\\\/sous-le-mont.ch\\\/#organization\"},\"potentialAction\":[{\"@type\":\"SearchAction\",\"target\":{\"@type\":\"EntryPoint\",\"urlTemplate\":\"https:\\\/\\\/sous-le-mont.ch\\\/?s={search_term_string}\"},\"query-input\":{\"@type\":\"PropertyValueSpecification\",\"valueRequired\":true,\"valueName\":\"search_term_string\"}}],\"inLanguage\":\"fr-FR\"},{\"@type\":\"Organization\",\"@id\":\"https:\\\/\\\/sous-le-mont.ch\\\/#organization\",\"name\":\"Hof Sous-le-Mont\",\"url\":\"https:\\\/\\\/sous-le-mont.ch\\\/\",\"logo\":{\"@type\":\"ImageObject\",\"inLanguage\":\"fr-FR\",\"@id\":\"https:\\\/\\\/sous-le-mont.ch\\\/#\\\/schema\\\/logo\\\/image\\\/\",\"url\":\"https:\\\/\\\/sous-le-mont.ch\\\/wp-content\\\/uploads\\\/2025\\\/09\\\/cropped-Kuh.png\",\"contentUrl\":\"https:\\\/\\\/sous-le-mont.ch\\\/wp-content\\\/uploads\\\/2025\\\/09\\\/cropped-Kuh.png\",\"width\":482,\"height\":322,\"caption\":\"Hof Sous-le-Mont\"},\"image\":{\"@id\":\"https:\\\/\\\/sous-le-mont.ch\\\/#\\\/schema\\\/logo\\\/image\\\/\"}}]}<\/script>\n<!-- \/ Yoast SEO plugin. -->","yoast_head_json":{"title":"Obst und Gem\u00fcse - Hof Sous-le-Mont","robots":{"index":"index","follow":"follow","max-snippet":"max-snippet:-1","max-image-preview":"max-image-preview:large","max-video-preview":"max-video-preview:-1"},"canonical":"https:\/\/sous-le-mont.ch\/fr\/obst-und-gemuese\/","og_locale":"fr_FR","og_type":"article","og_title":"Obst und Gem\u00fcse - Hof Sous-le-Mont","og_description":"Obst Die 400 Obstb\u00e4ume n\u00e4hren Bienen und Insekten, sorgen f\u00fcr R\u00fcckzugsorte und beschenken uns mit frischem Obst. Gartenbau Der Ertrag unserer G\u00e4rten ist f\u00fcr den Eigenbedarf der Hofgemeinschaft bestimmt.","og_url":"https:\/\/sous-le-mont.ch\/fr\/obst-und-gemuese\/","og_site_name":"Hof Sous-le-Mont","article_modified_time":"2024-08-28T15:33:12+00:00","og_image":[{"width":2560,"height":1707,"url":"https:\/\/sous-le-mont.ch\/wp-content\/uploads\/2022\/09\/DSCF3609-scaled.jpg","type":"image\/jpeg"}],"twitter_card":"summary_large_image","twitter_misc":{"Dur\u00e9e de lecture estim\u00e9e":"2 minutes"},"schema":{"@context":"https:\/\/schema.org","@graph":[{"@type":"WebPage","@id":"https:\/\/sous-le-mont.ch\/obst-und-gemuese\/","url":"https:\/\/sous-le-mont.ch\/obst-und-gemuese\/","name":"Obst und Gem\u00fcse - Hof Sous-le-Mont","isPartOf":{"@id":"https:\/\/sous-le-mont.ch\/#website"},"primaryImageOfPage":{"@id":"https:\/\/sous-le-mont.ch\/obst-und-gemuese\/#primaryimage"},"image":{"@id":"https:\/\/sous-le-mont.ch\/obst-und-gemuese\/#primaryimage"},"thumbnailUrl":"https:\/\/sous-le-mont.ch\/wp-content\/uploads\/2022\/09\/DSCF3609-scaled.jpg","datePublished":"2022-09-07T10:29:37+00:00","dateModified":"2024-08-28T15:33:12+00:00","breadcrumb":{"@id":"https:\/\/sous-le-mont.ch\/obst-und-gemuese\/#breadcrumb"},"inLanguage":"fr-FR","potentialAction":[{"@type":"ReadAction","target":["https:\/\/sous-le-mont.ch\/obst-und-gemuese\/"]}]},{"@type":"ImageObject","inLanguage":"fr-FR","@id":"https:\/\/sous-le-mont.ch\/obst-und-gemuese\/#primaryimage","url":"https:\/\/sous-le-mont.ch\/wp-content\/uploads\/2022\/09\/DSCF3609-scaled.jpg","contentUrl":"https:\/\/sous-le-mont.ch\/wp-content\/uploads\/2022\/09\/DSCF3609-scaled.jpg","width":2560,"height":1707},{"@type":"BreadcrumbList","@id":"https:\/\/sous-le-mont.ch\/obst-und-gemuese\/#breadcrumb","itemListElement":[{"@type":"ListItem","position":1,"name":"Home","item":"https:\/\/sous-le-mont.ch\/"},{"@type":"ListItem","position":2,"name":"Obst und Gem\u00fcse"}]},{"@type":"WebSite","@id":"https:\/\/sous-le-mont.ch\/#website","url":"https:\/\/sous-le-mont.ch\/","name":"Hof Sous-le-Mont","description":"Viande de b\u0153uf biologique issue mis-\u00e0-mort \u00e0 la ferme","publisher":{"@id":"https:\/\/sous-le-mont.ch\/#organization"},"potentialAction":[{"@type":"SearchAction","target":{"@type":"EntryPoint","urlTemplate":"https:\/\/sous-le-mont.ch\/?s={search_term_string}"},"query-input":{"@type":"PropertyValueSpecification","valueRequired":true,"valueName":"search_term_string"}}],"inLanguage":"fr-FR"},{"@type":"Organization","@id":"https:\/\/sous-le-mont.ch\/#organization","name":"Hof Sous-le-Mont","url":"https:\/\/sous-le-mont.ch\/","logo":{"@type":"ImageObject","inLanguage":"fr-FR","@id":"https:\/\/sous-le-mont.ch\/#\/schema\/logo\/image\/","url":"https:\/\/sous-le-mont.ch\/wp-content\/uploads\/2025\/09\/cropped-Kuh.png","contentUrl":"https:\/\/sous-le-mont.ch\/wp-content\/uploads\/2025\/09\/cropped-Kuh.png","width":482,"height":322,"caption":"Hof Sous-le-Mont"},"image":{"@id":"https:\/\/sous-le-mont.ch\/#\/schema\/logo\/image\/"}}]}},"_links":{"self":[{"href":"https:\/\/sous-le-mont.ch\/fr\/wp-json\/wp\/v2\/pages\/472","targetHints":{"allow":["GET"]}}],"collection":[{"href":"https:\/\/sous-le-mont.ch\/fr\/wp-json\/wp\/v2\/pages"}],"about":[{"href":"https:\/\/sous-le-mont.ch\/fr\/wp-json\/wp\/v2\/types\/page"}],"author":[{"embeddable":true,"href":"https:\/\/sous-le-mont.ch\/fr\/wp-json\/wp\/v2\/users\/4"}],"replies":[{"embeddable":true,"href":"https:\/\/sous-le-mont.ch\/fr\/wp-json\/wp\/v2\/comments?post=472"}],"version-history":[{"count":12,"href":"https:\/\/sous-le-mont.ch\/fr\/wp-json\/wp\/v2\/pages\/472\/revisions"}],"predecessor-version":[{"id":903,"href":"https:\/\/sous-le-mont.ch\/fr\/wp-json\/wp\/v2\/pages\/472\/revisions\/903"}],"wp:featuredmedia":[{"embeddable":true,"href":"https:\/\/sous-le-mont.ch\/fr\/wp-json\/wp\/v2\/media\/473"}],"wp:attachment":[{"href":"https:\/\/sous-le-mont.ch\/fr\/wp-json\/wp\/v2\/media?parent=472"}],"curies":[{"name":"wp","href":"https:\/\/api.w.org\/{rel}","templated":true}]}}