{"id":524,"date":"2022-09-09T14:55:23","date_gmt":"2022-09-09T13:55:23","guid":{"rendered":"https:\/\/sous-le-mont.ch\/?page_id=524"},"modified":"2025-09-02T17:50:22","modified_gmt":"2025-09-02T16:50:22","slug":"kontakt","status":"publish","type":"page","link":"https:\/\/sous-le-mont.ch\/fr\/kontakt\/","title":{"rendered":"Contact"},"content":{"rendered":"<h2 class=\"wp-block-heading\">Adresse<\/h2>\n\n\n\n<p>Sous-le-Mont 5<br>2336 Les Bois<\/p>\n\n\n\n<p>domainesouslemont@gmail.com<\/p>\n\n\n\n<p><strong>Antonia Bischof<\/strong><br>+41 (0)79 735 05 42<\/p>\n\n\n\n<p><strong>Regine Br\u00e4uner Bischof <br><\/strong>+41 (0)79 550 30 29<br>et<br><strong>Edwin Bischof<\/strong><br>+41 (0)32 961 15 29<\/p>\n\n\n\n<h2 class=\"wp-block-heading\">Lieu<\/h2>\n\n\n\n<p>Notre ferme se situe au bord des Franches-Montagnes au sein de la Commune des Bois dans les c\u00f4tes du Doubs \u00e0 800 m\u00e8tres.<\/p>\n\n\n\n<p><a href=\"https:\/\/goo.gl\/maps\/NjPnL1i1N5gw5Us7A\" target=\"_blank\" rel=\"noreferrer noopener\">Domaine Sous-le-Mont<\/a><\/p>\n\n\n\n<p><\/p>","protected":false},"excerpt":{"rendered":"<p>Adresse Sous-le-Mont 52336 Les Bois do&#109;&#97;&#105;&#110;&#x65;&#x73;&#x6f;&#x75;&#x73;le&#109;&#111;&#110;&#116;&#x40;&#x67;&#x6d;&#x61;&#x69;l&#46;&#99;&#111;&#109; Antonia Bischof+41 (0)79 735 05 42 Regine Br\u00e4uner Bischof +41 (0)79 550 30 29undEdwin Bischof+41 (0)32 961 15 29 Lage Unser Biohof befindet sich am Rande der Freiberge unterhalb von Les Bois und oberhalb des Doubs-Tales auf 800m \u00fc.M. Domaine Sous-le-Mont<\/p>","protected":false},"author":4,"featured_media":0,"parent":0,"menu_order":0,"comment_status":"closed","ping_status":"closed","template":"","meta":{"inline_featured_image":false,"_themeisle_gutenberg_block_has_review":false,"footnotes":""},"class_list":["post-524","page","type-page","status-publish","hentry"],"yoast_head":"<!-- This site is optimized with the Yoast SEO plugin v27.4 - https:\/\/yoast.com\/product\/yoast-seo-wordpress\/ -->\n<title>Kontakt - Hof Sous-le-Mont<\/title>\n<meta name=\"robots\" content=\"index, follow, max-snippet:-1, max-image-preview:large, max-video-preview:-1\" \/>\n<link rel=\"canonical\" href=\"https:\/\/sous-le-mont.ch\/fr\/kontakt\/\" \/>\n<meta property=\"og:locale\" content=\"fr_FR\" \/>\n<meta property=\"og:type\" content=\"article\" \/>\n<meta property=\"og:title\" content=\"Kontakt - Hof Sous-le-Mont\" \/>\n<meta property=\"og:description\" content=\"Adresse Sous-le-Mont 52336 Les Bois d&#111;&#109;&#x61;&#x69;&#x6e;es&#111;&#117;&#x73;&#x6c;&#x65;m&#111;&#110;&#116;&#x40;&#x67;&#x6d;a&#105;&#108;&#x2e;&#x63;&#x6f;m Antonia Bischof+41 (0)79 735 05 42 Regine Br\u00e4uner Bischof +41 (0)79 550 30 29undEdwin Bischof+41 (0)32 961 15 29 Lage Unser Biohof befindet sich am Rande der Freiberge unterhalb von Les Bois und oberhalb des Doubs-Tales auf 800m \u00fc.M. Domaine Sous-le-Mont\" \/>\n<meta property=\"og:url\" content=\"https:\/\/sous-le-mont.ch\/fr\/kontakt\/\" \/>\n<meta property=\"og:site_name\" content=\"Hof Sous-le-Mont\" \/>\n<meta property=\"article:modified_time\" content=\"2025-09-02T16:50:22+00:00\" \/>\n<meta name=\"twitter:card\" content=\"summary_large_image\" \/>\n<meta name=\"twitter:label1\" content=\"Dur\u00e9e de lecture estim\u00e9e\" \/>\n\t<meta name=\"twitter:data1\" content=\"1 minute\" \/>\n<script type=\"application\/ld+json\" class=\"yoast-schema-graph\">{\"@context\":\"https:\\\/\\\/schema.org\",\"@graph\":[{\"@type\":\"WebPage\",\"@id\":\"https:\\\/\\\/sous-le-mont.ch\\\/kontakt\\\/\",\"url\":\"https:\\\/\\\/sous-le-mont.ch\\\/kontakt\\\/\",\"name\":\"Kontakt - Hof Sous-le-Mont\",\"isPartOf\":{\"@id\":\"https:\\\/\\\/sous-le-mont.ch\\\/#website\"},\"datePublished\":\"2022-09-09T13:55:23+00:00\",\"dateModified\":\"2025-09-02T16:50:22+00:00\",\"breadcrumb\":{\"@id\":\"https:\\\/\\\/sous-le-mont.ch\\\/kontakt\\\/#breadcrumb\"},\"inLanguage\":\"fr-FR\",\"potentialAction\":[{\"@type\":\"ReadAction\",\"target\":[\"https:\\\/\\\/sous-le-mont.ch\\\/kontakt\\\/\"]}]},{\"@type\":\"BreadcrumbList\",\"@id\":\"https:\\\/\\\/sous-le-mont.ch\\\/kontakt\\\/#breadcrumb\",\"itemListElement\":[{\"@type\":\"ListItem\",\"position\":1,\"name\":\"Home\",\"item\":\"https:\\\/\\\/sous-le-mont.ch\\\/\"},{\"@type\":\"ListItem\",\"position\":2,\"name\":\"Kontakt\"}]},{\"@type\":\"WebSite\",\"@id\":\"https:\\\/\\\/sous-le-mont.ch\\\/#website\",\"url\":\"https:\\\/\\\/sous-le-mont.ch\\\/\",\"name\":\"Hof Sous-le-Mont\",\"description\":\"Bio Beef aus bester Haltung &amp; Hoft\u00f6tung\",\"publisher\":{\"@id\":\"https:\\\/\\\/sous-le-mont.ch\\\/#organization\"},\"potentialAction\":[{\"@type\":\"SearchAction\",\"target\":{\"@type\":\"EntryPoint\",\"urlTemplate\":\"https:\\\/\\\/sous-le-mont.ch\\\/?s={search_term_string}\"},\"query-input\":{\"@type\":\"PropertyValueSpecification\",\"valueRequired\":true,\"valueName\":\"search_term_string\"}}],\"inLanguage\":\"fr-FR\"},{\"@type\":\"Organization\",\"@id\":\"https:\\\/\\\/sous-le-mont.ch\\\/#organization\",\"name\":\"Hof Sous-le-Mont\",\"url\":\"https:\\\/\\\/sous-le-mont.ch\\\/\",\"logo\":{\"@type\":\"ImageObject\",\"inLanguage\":\"fr-FR\",\"@id\":\"https:\\\/\\\/sous-le-mont.ch\\\/#\\\/schema\\\/logo\\\/image\\\/\",\"url\":\"https:\\\/\\\/sous-le-mont.ch\\\/wp-content\\\/uploads\\\/2025\\\/09\\\/cropped-Kuh.png\",\"contentUrl\":\"https:\\\/\\\/sous-le-mont.ch\\\/wp-content\\\/uploads\\\/2025\\\/09\\\/cropped-Kuh.png\",\"width\":482,\"height\":322,\"caption\":\"Hof Sous-le-Mont\"},\"image\":{\"@id\":\"https:\\\/\\\/sous-le-mont.ch\\\/#\\\/schema\\\/logo\\\/image\\\/\"}}]}<\/script>\n<!-- \/ Yoast SEO plugin. -->","yoast_head_json":{"title":"Kontakt - Hof Sous-le-Mont","robots":{"index":"index","follow":"follow","max-snippet":"max-snippet:-1","max-image-preview":"max-image-preview:large","max-video-preview":"max-video-preview:-1"},"canonical":"https:\/\/sous-le-mont.ch\/fr\/kontakt\/","og_locale":"fr_FR","og_type":"article","og_title":"Kontakt - Hof Sous-le-Mont","og_description":"Adresse Sous-le-Mont 52336 Les Bois d&#111;&#109;&#x61;&#x69;&#x6e;es&#111;&#117;&#x73;&#x6c;&#x65;m&#111;&#110;&#116;&#x40;&#x67;&#x6d;a&#105;&#108;&#x2e;&#x63;&#x6f;m Antonia Bischof+41 (0)79 735 05 42 Regine Br\u00e4uner Bischof +41 (0)79 550 30 29undEdwin Bischof+41 (0)32 961 15 29 Lage Unser Biohof befindet sich am Rande der Freiberge unterhalb von Les Bois und oberhalb des Doubs-Tales auf 800m \u00fc.M. Domaine Sous-le-Mont","og_url":"https:\/\/sous-le-mont.ch\/fr\/kontakt\/","og_site_name":"Hof Sous-le-Mont","article_modified_time":"2025-09-02T16:50:22+00:00","twitter_card":"summary_large_image","twitter_misc":{"Dur\u00e9e de lecture estim\u00e9e":"1 minute"},"schema":{"@context":"https:\/\/schema.org","@graph":[{"@type":"WebPage","@id":"https:\/\/sous-le-mont.ch\/kontakt\/","url":"https:\/\/sous-le-mont.ch\/kontakt\/","name":"Kontakt - Hof Sous-le-Mont","isPartOf":{"@id":"https:\/\/sous-le-mont.ch\/#website"},"datePublished":"2022-09-09T13:55:23+00:00","dateModified":"2025-09-02T16:50:22+00:00","breadcrumb":{"@id":"https:\/\/sous-le-mont.ch\/kontakt\/#breadcrumb"},"inLanguage":"fr-FR","potentialAction":[{"@type":"ReadAction","target":["https:\/\/sous-le-mont.ch\/kontakt\/"]}]},{"@type":"BreadcrumbList","@id":"https:\/\/sous-le-mont.ch\/kontakt\/#breadcrumb","itemListElement":[{"@type":"ListItem","position":1,"name":"Home","item":"https:\/\/sous-le-mont.ch\/"},{"@type":"ListItem","position":2,"name":"Kontakt"}]},{"@type":"WebSite","@id":"https:\/\/sous-le-mont.ch\/#website","url":"https:\/\/sous-le-mont.ch\/","name":"Hof Sous-le-Mont","description":"Viande de b\u0153uf biologique issue mis-\u00e0-mort \u00e0 la ferme","publisher":{"@id":"https:\/\/sous-le-mont.ch\/#organization"},"potentialAction":[{"@type":"SearchAction","target":{"@type":"EntryPoint","urlTemplate":"https:\/\/sous-le-mont.ch\/?s={search_term_string}"},"query-input":{"@type":"PropertyValueSpecification","valueRequired":true,"valueName":"search_term_string"}}],"inLanguage":"fr-FR"},{"@type":"Organization","@id":"https:\/\/sous-le-mont.ch\/#organization","name":"Hof Sous-le-Mont","url":"https:\/\/sous-le-mont.ch\/","logo":{"@type":"ImageObject","inLanguage":"fr-FR","@id":"https:\/\/sous-le-mont.ch\/#\/schema\/logo\/image\/","url":"https:\/\/sous-le-mont.ch\/wp-content\/uploads\/2025\/09\/cropped-Kuh.png","contentUrl":"https:\/\/sous-le-mont.ch\/wp-content\/uploads\/2025\/09\/cropped-Kuh.png","width":482,"height":322,"caption":"Hof Sous-le-Mont"},"image":{"@id":"https:\/\/sous-le-mont.ch\/#\/schema\/logo\/image\/"}}]}},"_links":{"self":[{"href":"https:\/\/sous-le-mont.ch\/fr\/wp-json\/wp\/v2\/pages\/524","targetHints":{"allow":["GET"]}}],"collection":[{"href":"https:\/\/sous-le-mont.ch\/fr\/wp-json\/wp\/v2\/pages"}],"about":[{"href":"https:\/\/sous-le-mont.ch\/fr\/wp-json\/wp\/v2\/types\/page"}],"author":[{"embeddable":true,"href":"https:\/\/sous-le-mont.ch\/fr\/wp-json\/wp\/v2\/users\/4"}],"replies":[{"embeddable":true,"href":"https:\/\/sous-le-mont.ch\/fr\/wp-json\/wp\/v2\/comments?post=524"}],"version-history":[{"count":12,"href":"https:\/\/sous-le-mont.ch\/fr\/wp-json\/wp\/v2\/pages\/524\/revisions"}],"predecessor-version":[{"id":1033,"href":"https:\/\/sous-le-mont.ch\/fr\/wp-json\/wp\/v2\/pages\/524\/revisions\/1033"}],"wp:attachment":[{"href":"https:\/\/sous-le-mont.ch\/fr\/wp-json\/wp\/v2\/media?parent=524"}],"curies":[{"name":"wp","href":"https:\/\/api.w.org\/{rel}","templated":true}]}}