{"id":526,"date":"2022-09-09T14:46:04","date_gmt":"2022-09-09T13:46:04","guid":{"rendered":"https:\/\/sous-le-mont.ch\/?page_id=526"},"modified":"2022-11-03T19:40:37","modified_gmt":"2022-11-03T18:40:37","slug":"soziales","status":"publish","type":"page","link":"https:\/\/sous-le-mont.ch\/fr\/soziales\/","title":{"rendered":"\u00c9cole \u00e0 la ferme"},"content":{"rendered":"<h2 class=\"wp-block-heading\">\u00e9cole \u00e0 la ferme<\/h2>\n\n\n\n<p>R\u00e9guli\u00e8rement, Eliane vient avec sa classe de l'\u00e9cole <a href=\"https:\/\/scola-cdf.ch\/\" data-type=\"URL\" data-id=\"https:\/\/scola-cdf.ch\/\">Scola Bumba\u00efa<\/a> Sur notre domaine, elle enseigne aux enfants les th\u00e8mes li\u00e9s \u00e0 la nature, \u00e0 l\u2019\u00eatre humain et \u00e0 l\u2019environnement.<\/p>\n\n\n\n<figure class=\"wp-block-gallery has-nested-images columns-default is-cropped wp-block-gallery-2 is-layout-flex wp-block-gallery-is-layout-flex\">\n<figure class=\"wp-block-image size-large\"><img loading=\"lazy\" decoding=\"async\" width=\"1024\" height=\"768\" data-id=\"529\" src=\"https:\/\/sous-le-mont.ch\/wp-content\/uploads\/2022\/09\/IMG-20220317-WA0002.jpg\" alt=\"\" class=\"wp-image-529\" srcset=\"https:\/\/sous-le-mont.ch\/wp-content\/uploads\/2022\/09\/IMG-20220317-WA0002.jpg 1024w, https:\/\/sous-le-mont.ch\/wp-content\/uploads\/2022\/09\/IMG-20220317-WA0002-300x225.jpg 300w, https:\/\/sous-le-mont.ch\/wp-content\/uploads\/2022\/09\/IMG-20220317-WA0002-768x576.jpg 768w\" sizes=\"auto, (max-width: 1024px) 100vw, 1024px\" \/><\/figure>\n\n\n\n<figure class=\"wp-block-image size-large\"><img loading=\"lazy\" decoding=\"async\" width=\"1024\" height=\"768\" data-id=\"530\" src=\"https:\/\/sous-le-mont.ch\/wp-content\/uploads\/2022\/09\/IMG-20220317-WA0003.jpg\" alt=\"\" class=\"wp-image-530\" srcset=\"https:\/\/sous-le-mont.ch\/wp-content\/uploads\/2022\/09\/IMG-20220317-WA0003.jpg 1024w, https:\/\/sous-le-mont.ch\/wp-content\/uploads\/2022\/09\/IMG-20220317-WA0003-300x225.jpg 300w, https:\/\/sous-le-mont.ch\/wp-content\/uploads\/2022\/09\/IMG-20220317-WA0003-768x576.jpg 768w\" sizes=\"auto, (max-width: 1024px) 100vw, 1024px\" \/><\/figure>\n<\/figure>","protected":false},"excerpt":{"rendered":"<p>Schule auf dem Bauernhof Regelm\u00e4ssig kommt Eliane mit ihrer Klasse von der Schule Scola Bumba\u00efa auf unseren Hof und unterrichtet die Kinder zu den Themen Natur\/Mensch und Umwelt.<\/p>","protected":false},"author":4,"featured_media":0,"parent":0,"menu_order":0,"comment_status":"closed","ping_status":"closed","template":"","meta":{"inline_featured_image":false,"_themeisle_gutenberg_block_has_review":false,"footnotes":""},"class_list":["post-526","page","type-page","status-publish","hentry"],"yoast_head":"<!-- This site is optimized with the Yoast SEO plugin v27.4 - https:\/\/yoast.com\/product\/yoast-seo-wordpress\/ -->\n<title>Hofschule - Hof Sous-le-Mont<\/title>\n<meta name=\"robots\" content=\"index, follow, max-snippet:-1, max-image-preview:large, max-video-preview:-1\" \/>\n<link rel=\"canonical\" href=\"https:\/\/sous-le-mont.ch\/fr\/soziales\/\" \/>\n<meta property=\"og:locale\" content=\"fr_FR\" \/>\n<meta property=\"og:type\" content=\"article\" \/>\n<meta property=\"og:title\" content=\"Hofschule - Hof Sous-le-Mont\" \/>\n<meta property=\"og:description\" content=\"Schule auf dem Bauernhof Regelm\u00e4ssig kommt Eliane mit ihrer Klasse von der Schule Scola Bumba\u00efa auf unseren Hof und unterrichtet die Kinder zu den Themen Natur\/Mensch und Umwelt.\" \/>\n<meta property=\"og:url\" content=\"https:\/\/sous-le-mont.ch\/fr\/soziales\/\" \/>\n<meta property=\"og:site_name\" content=\"Hof Sous-le-Mont\" \/>\n<meta property=\"article:modified_time\" content=\"2022-11-03T18:40:37+00:00\" \/>\n<meta property=\"og:image\" content=\"https:\/\/sous-le-mont.ch\/wp-content\/uploads\/2022\/09\/IMG-20220317-WA0002.jpg\" \/>\n<meta name=\"twitter:card\" content=\"summary_large_image\" \/>\n<meta name=\"twitter:label1\" content=\"Dur\u00e9e de lecture estim\u00e9e\" \/>\n\t<meta name=\"twitter:data1\" content=\"1 minute\" \/>\n<script type=\"application\/ld+json\" class=\"yoast-schema-graph\">{\"@context\":\"https:\\\/\\\/schema.org\",\"@graph\":[{\"@type\":\"WebPage\",\"@id\":\"https:\\\/\\\/sous-le-mont.ch\\\/soziales\\\/\",\"url\":\"https:\\\/\\\/sous-le-mont.ch\\\/soziales\\\/\",\"name\":\"Hofschule - Hof Sous-le-Mont\",\"isPartOf\":{\"@id\":\"https:\\\/\\\/sous-le-mont.ch\\\/#website\"},\"primaryImageOfPage\":{\"@id\":\"https:\\\/\\\/sous-le-mont.ch\\\/soziales\\\/#primaryimage\"},\"image\":{\"@id\":\"https:\\\/\\\/sous-le-mont.ch\\\/soziales\\\/#primaryimage\"},\"thumbnailUrl\":\"https:\\\/\\\/sous-le-mont.ch\\\/wp-content\\\/uploads\\\/2022\\\/09\\\/IMG-20220317-WA0002.jpg\",\"datePublished\":\"2022-09-09T13:46:04+00:00\",\"dateModified\":\"2022-11-03T18:40:37+00:00\",\"breadcrumb\":{\"@id\":\"https:\\\/\\\/sous-le-mont.ch\\\/soziales\\\/#breadcrumb\"},\"inLanguage\":\"fr-FR\",\"potentialAction\":[{\"@type\":\"ReadAction\",\"target\":[\"https:\\\/\\\/sous-le-mont.ch\\\/soziales\\\/\"]}]},{\"@type\":\"ImageObject\",\"inLanguage\":\"fr-FR\",\"@id\":\"https:\\\/\\\/sous-le-mont.ch\\\/soziales\\\/#primaryimage\",\"url\":\"https:\\\/\\\/sous-le-mont.ch\\\/wp-content\\\/uploads\\\/2022\\\/09\\\/IMG-20220317-WA0002.jpg\",\"contentUrl\":\"https:\\\/\\\/sous-le-mont.ch\\\/wp-content\\\/uploads\\\/2022\\\/09\\\/IMG-20220317-WA0002.jpg\"},{\"@type\":\"BreadcrumbList\",\"@id\":\"https:\\\/\\\/sous-le-mont.ch\\\/soziales\\\/#breadcrumb\",\"itemListElement\":[{\"@type\":\"ListItem\",\"position\":1,\"name\":\"Home\",\"item\":\"https:\\\/\\\/sous-le-mont.ch\\\/\"},{\"@type\":\"ListItem\",\"position\":2,\"name\":\"Hofschule\"}]},{\"@type\":\"WebSite\",\"@id\":\"https:\\\/\\\/sous-le-mont.ch\\\/#website\",\"url\":\"https:\\\/\\\/sous-le-mont.ch\\\/\",\"name\":\"Hof Sous-le-Mont\",\"description\":\"Bio Beef aus bester Haltung &amp; Hoft\u00f6tung\",\"publisher\":{\"@id\":\"https:\\\/\\\/sous-le-mont.ch\\\/#organization\"},\"potentialAction\":[{\"@type\":\"SearchAction\",\"target\":{\"@type\":\"EntryPoint\",\"urlTemplate\":\"https:\\\/\\\/sous-le-mont.ch\\\/?s={search_term_string}\"},\"query-input\":{\"@type\":\"PropertyValueSpecification\",\"valueRequired\":true,\"valueName\":\"search_term_string\"}}],\"inLanguage\":\"fr-FR\"},{\"@type\":\"Organization\",\"@id\":\"https:\\\/\\\/sous-le-mont.ch\\\/#organization\",\"name\":\"Hof Sous-le-Mont\",\"url\":\"https:\\\/\\\/sous-le-mont.ch\\\/\",\"logo\":{\"@type\":\"ImageObject\",\"inLanguage\":\"fr-FR\",\"@id\":\"https:\\\/\\\/sous-le-mont.ch\\\/#\\\/schema\\\/logo\\\/image\\\/\",\"url\":\"https:\\\/\\\/sous-le-mont.ch\\\/wp-content\\\/uploads\\\/2025\\\/09\\\/cropped-Kuh.png\",\"contentUrl\":\"https:\\\/\\\/sous-le-mont.ch\\\/wp-content\\\/uploads\\\/2025\\\/09\\\/cropped-Kuh.png\",\"width\":482,\"height\":322,\"caption\":\"Hof Sous-le-Mont\"},\"image\":{\"@id\":\"https:\\\/\\\/sous-le-mont.ch\\\/#\\\/schema\\\/logo\\\/image\\\/\"}}]}<\/script>\n<!-- \/ Yoast SEO plugin. -->","yoast_head_json":{"title":"Hofschule - Hof Sous-le-Mont","robots":{"index":"index","follow":"follow","max-snippet":"max-snippet:-1","max-image-preview":"max-image-preview:large","max-video-preview":"max-video-preview:-1"},"canonical":"https:\/\/sous-le-mont.ch\/fr\/soziales\/","og_locale":"fr_FR","og_type":"article","og_title":"Hofschule - Hof Sous-le-Mont","og_description":"Schule auf dem Bauernhof Regelm\u00e4ssig kommt Eliane mit ihrer Klasse von der Schule Scola Bumba\u00efa auf unseren Hof und unterrichtet die Kinder zu den Themen Natur\/Mensch und Umwelt.","og_url":"https:\/\/sous-le-mont.ch\/fr\/soziales\/","og_site_name":"Hof Sous-le-Mont","article_modified_time":"2022-11-03T18:40:37+00:00","og_image":[{"url":"https:\/\/sous-le-mont.ch\/wp-content\/uploads\/2022\/09\/IMG-20220317-WA0002.jpg","type":"","width":"","height":""}],"twitter_card":"summary_large_image","twitter_misc":{"Dur\u00e9e de lecture estim\u00e9e":"1 minute"},"schema":{"@context":"https:\/\/schema.org","@graph":[{"@type":"WebPage","@id":"https:\/\/sous-le-mont.ch\/soziales\/","url":"https:\/\/sous-le-mont.ch\/soziales\/","name":"Hofschule - Hof Sous-le-Mont","isPartOf":{"@id":"https:\/\/sous-le-mont.ch\/#website"},"primaryImageOfPage":{"@id":"https:\/\/sous-le-mont.ch\/soziales\/#primaryimage"},"image":{"@id":"https:\/\/sous-le-mont.ch\/soziales\/#primaryimage"},"thumbnailUrl":"https:\/\/sous-le-mont.ch\/wp-content\/uploads\/2022\/09\/IMG-20220317-WA0002.jpg","datePublished":"2022-09-09T13:46:04+00:00","dateModified":"2022-11-03T18:40:37+00:00","breadcrumb":{"@id":"https:\/\/sous-le-mont.ch\/soziales\/#breadcrumb"},"inLanguage":"fr-FR","potentialAction":[{"@type":"ReadAction","target":["https:\/\/sous-le-mont.ch\/soziales\/"]}]},{"@type":"ImageObject","inLanguage":"fr-FR","@id":"https:\/\/sous-le-mont.ch\/soziales\/#primaryimage","url":"https:\/\/sous-le-mont.ch\/wp-content\/uploads\/2022\/09\/IMG-20220317-WA0002.jpg","contentUrl":"https:\/\/sous-le-mont.ch\/wp-content\/uploads\/2022\/09\/IMG-20220317-WA0002.jpg"},{"@type":"BreadcrumbList","@id":"https:\/\/sous-le-mont.ch\/soziales\/#breadcrumb","itemListElement":[{"@type":"ListItem","position":1,"name":"Home","item":"https:\/\/sous-le-mont.ch\/"},{"@type":"ListItem","position":2,"name":"Hofschule"}]},{"@type":"WebSite","@id":"https:\/\/sous-le-mont.ch\/#website","url":"https:\/\/sous-le-mont.ch\/","name":"Hof Sous-le-Mont","description":"Viande de b\u0153uf biologique issue mis-\u00e0-mort \u00e0 la ferme","publisher":{"@id":"https:\/\/sous-le-mont.ch\/#organization"},"potentialAction":[{"@type":"SearchAction","target":{"@type":"EntryPoint","urlTemplate":"https:\/\/sous-le-mont.ch\/?s={search_term_string}"},"query-input":{"@type":"PropertyValueSpecification","valueRequired":true,"valueName":"search_term_string"}}],"inLanguage":"fr-FR"},{"@type":"Organization","@id":"https:\/\/sous-le-mont.ch\/#organization","name":"Hof Sous-le-Mont","url":"https:\/\/sous-le-mont.ch\/","logo":{"@type":"ImageObject","inLanguage":"fr-FR","@id":"https:\/\/sous-le-mont.ch\/#\/schema\/logo\/image\/","url":"https:\/\/sous-le-mont.ch\/wp-content\/uploads\/2025\/09\/cropped-Kuh.png","contentUrl":"https:\/\/sous-le-mont.ch\/wp-content\/uploads\/2025\/09\/cropped-Kuh.png","width":482,"height":322,"caption":"Hof Sous-le-Mont"},"image":{"@id":"https:\/\/sous-le-mont.ch\/#\/schema\/logo\/image\/"}}]}},"_links":{"self":[{"href":"https:\/\/sous-le-mont.ch\/fr\/wp-json\/wp\/v2\/pages\/526","targetHints":{"allow":["GET"]}}],"collection":[{"href":"https:\/\/sous-le-mont.ch\/fr\/wp-json\/wp\/v2\/pages"}],"about":[{"href":"https:\/\/sous-le-mont.ch\/fr\/wp-json\/wp\/v2\/types\/page"}],"author":[{"embeddable":true,"href":"https:\/\/sous-le-mont.ch\/fr\/wp-json\/wp\/v2\/users\/4"}],"replies":[{"embeddable":true,"href":"https:\/\/sous-le-mont.ch\/fr\/wp-json\/wp\/v2\/comments?post=526"}],"version-history":[{"count":5,"href":"https:\/\/sous-le-mont.ch\/fr\/wp-json\/wp\/v2\/pages\/526\/revisions"}],"predecessor-version":[{"id":650,"href":"https:\/\/sous-le-mont.ch\/fr\/wp-json\/wp\/v2\/pages\/526\/revisions\/650"}],"wp:attachment":[{"href":"https:\/\/sous-le-mont.ch\/fr\/wp-json\/wp\/v2\/media?parent=526"}],"curies":[{"name":"wp","href":"https:\/\/api.w.org\/{rel}","templated":true}]}}