{"id":586,"date":"2022-09-11T14:38:24","date_gmt":"2022-09-11T13:38:24","guid":{"rendered":"https:\/\/sous-le-mont.ch\/?page_id=586"},"modified":"2025-09-02T22:30:41","modified_gmt":"2025-09-02T21:30:41","slug":"ueber-uns-2","status":"publish","type":"page","link":"https:\/\/sous-le-mont.ch\/fr\/ueber-uns-2\/","title":{"rendered":"Qui sommes-nous?"},"content":{"rendered":"<p>La possibilit\u00e9 de reprendre la ferme familiale (Bischof-Br\u00e4uner) a \u00e9t\u00e9 saisie par notre communaut\u00e9 interg\u00e9n\u00e9rationnelle et color\u00e9e. Gr\u00e2ce \u00e0 nos comp\u00e9tences professionnelles vari\u00e9es, nous avons entrepris un chemin commun en janvier 2021.<\/p>\n\n\n\n<p><strong>Unsere Werte<\/strong><\/p>\n\n\n\n<ul class=\"wp-block-list\">\n<li>respektvoller Umgang mit den Tieren<\/li>\n\n\n\n<li>\u00f6ko-ethische Produktherstellung<\/li>\n\n\n\n<li>unterst\u00fctzen der Artenvielfalt<\/li>\n\n\n\n<li>den bestehenden Erfahrungsschatz sowie die existierenden Strukturen der \u00e4lteren Generation mit den neuen Interessen in Einklang bringen<\/li>\n<\/ul>\n\n\n\n<p class=\"has-text-align-left\"><strong>Unsere gemeinsame Vision:<\/strong><br>Nebst der Landwirtschaft einen Ort zu schaffen f\u00fcr soziale, k\u00fcnstlerische und naturnahe Aktivit\u00e4ten.<\/p>","protected":false},"excerpt":{"rendered":"<p>Die M\u00f6glichkeit den Familienhof (Bischof-Br\u00e4uner) weiterzuf\u00fchren, haben wir als bunte generationen\u00fcbergreifende Gemeinschaft ergriffen. Mit unseren verschiedenen beruflichen F\u00e4higkeiten haben wir uns im Januar 2021 auf einen gemeinsamen Weg begeben. Unsere Werte Unsere gemeinsame Vision:Nebst der Landwirtschaft einen Ort zu schaffen f\u00fcr soziale, k\u00fcnstlerische und naturnahe Aktivit\u00e4ten.<\/p>","protected":false},"author":4,"featured_media":105,"parent":0,"menu_order":0,"comment_status":"closed","ping_status":"closed","template":"","meta":{"inline_featured_image":false,"_themeisle_gutenberg_block_has_review":false,"footnotes":""},"class_list":["post-586","page","type-page","status-publish","has-post-thumbnail","hentry"],"yoast_head":"<!-- This site is optimized with the Yoast SEO plugin v27.4 - https:\/\/yoast.com\/product\/yoast-seo-wordpress\/ -->\n<title>\u00dcber uns - Hof Sous-le-Mont<\/title>\n<meta name=\"robots\" content=\"index, follow, max-snippet:-1, max-image-preview:large, max-video-preview:-1\" \/>\n<link rel=\"canonical\" href=\"https:\/\/sous-le-mont.ch\/fr\/ueber-uns-2\/\" \/>\n<meta property=\"og:locale\" content=\"fr_FR\" \/>\n<meta property=\"og:type\" content=\"article\" \/>\n<meta property=\"og:title\" content=\"\u00dcber uns - Hof Sous-le-Mont\" \/>\n<meta property=\"og:description\" content=\"Die M\u00f6glichkeit den Familienhof (Bischof-Br\u00e4uner) weiterzuf\u00fchren, haben wir als bunte generationen\u00fcbergreifende Gemeinschaft ergriffen. Mit unseren verschiedenen beruflichen F\u00e4higkeiten haben wir uns im Januar 2021 auf einen gemeinsamen Weg begeben. Unsere Werte Unsere gemeinsame Vision:Nebst der Landwirtschaft einen Ort zu schaffen f\u00fcr soziale, k\u00fcnstlerische und naturnahe Aktivit\u00e4ten.\" \/>\n<meta property=\"og:url\" content=\"https:\/\/sous-le-mont.ch\/fr\/ueber-uns-2\/\" \/>\n<meta property=\"og:site_name\" content=\"Hof Sous-le-Mont\" \/>\n<meta property=\"article:modified_time\" content=\"2025-09-02T21:30:41+00:00\" \/>\n<meta property=\"og:image\" content=\"https:\/\/sous-le-mont.ch\/wp-content\/uploads\/2022\/02\/Kuh_2.jpg\" \/>\n\t<meta property=\"og:image:width\" content=\"1080\" \/>\n\t<meta property=\"og:image:height\" content=\"540\" \/>\n\t<meta property=\"og:image:type\" content=\"image\/jpeg\" \/>\n<meta name=\"twitter:card\" content=\"summary_large_image\" \/>\n<meta name=\"twitter:label1\" content=\"Dur\u00e9e de lecture estim\u00e9e\" \/>\n\t<meta name=\"twitter:data1\" content=\"1 minute\" \/>\n<script type=\"application\/ld+json\" class=\"yoast-schema-graph\">{\"@context\":\"https:\\\/\\\/schema.org\",\"@graph\":[{\"@type\":\"WebPage\",\"@id\":\"https:\\\/\\\/sous-le-mont.ch\\\/ueber-uns-2\\\/\",\"url\":\"https:\\\/\\\/sous-le-mont.ch\\\/ueber-uns-2\\\/\",\"name\":\"\u00dcber uns - Hof Sous-le-Mont\",\"isPartOf\":{\"@id\":\"https:\\\/\\\/sous-le-mont.ch\\\/#website\"},\"primaryImageOfPage\":{\"@id\":\"https:\\\/\\\/sous-le-mont.ch\\\/ueber-uns-2\\\/#primaryimage\"},\"image\":{\"@id\":\"https:\\\/\\\/sous-le-mont.ch\\\/ueber-uns-2\\\/#primaryimage\"},\"thumbnailUrl\":\"https:\\\/\\\/sous-le-mont.ch\\\/wp-content\\\/uploads\\\/2022\\\/02\\\/Kuh_2.jpg\",\"datePublished\":\"2022-09-11T13:38:24+00:00\",\"dateModified\":\"2025-09-02T21:30:41+00:00\",\"breadcrumb\":{\"@id\":\"https:\\\/\\\/sous-le-mont.ch\\\/ueber-uns-2\\\/#breadcrumb\"},\"inLanguage\":\"fr-FR\",\"potentialAction\":[{\"@type\":\"ReadAction\",\"target\":[\"https:\\\/\\\/sous-le-mont.ch\\\/ueber-uns-2\\\/\"]}]},{\"@type\":\"ImageObject\",\"inLanguage\":\"fr-FR\",\"@id\":\"https:\\\/\\\/sous-le-mont.ch\\\/ueber-uns-2\\\/#primaryimage\",\"url\":\"https:\\\/\\\/sous-le-mont.ch\\\/wp-content\\\/uploads\\\/2022\\\/02\\\/Kuh_2.jpg\",\"contentUrl\":\"https:\\\/\\\/sous-le-mont.ch\\\/wp-content\\\/uploads\\\/2022\\\/02\\\/Kuh_2.jpg\",\"width\":1080,\"height\":540},{\"@type\":\"BreadcrumbList\",\"@id\":\"https:\\\/\\\/sous-le-mont.ch\\\/ueber-uns-2\\\/#breadcrumb\",\"itemListElement\":[{\"@type\":\"ListItem\",\"position\":1,\"name\":\"Home\",\"item\":\"https:\\\/\\\/sous-le-mont.ch\\\/\"},{\"@type\":\"ListItem\",\"position\":2,\"name\":\"\u00dcber uns\"}]},{\"@type\":\"WebSite\",\"@id\":\"https:\\\/\\\/sous-le-mont.ch\\\/#website\",\"url\":\"https:\\\/\\\/sous-le-mont.ch\\\/\",\"name\":\"Hof Sous-le-Mont\",\"description\":\"Bio Beef aus bester Haltung &amp; Hoft\u00f6tung\",\"publisher\":{\"@id\":\"https:\\\/\\\/sous-le-mont.ch\\\/#organization\"},\"potentialAction\":[{\"@type\":\"SearchAction\",\"target\":{\"@type\":\"EntryPoint\",\"urlTemplate\":\"https:\\\/\\\/sous-le-mont.ch\\\/?s={search_term_string}\"},\"query-input\":{\"@type\":\"PropertyValueSpecification\",\"valueRequired\":true,\"valueName\":\"search_term_string\"}}],\"inLanguage\":\"fr-FR\"},{\"@type\":\"Organization\",\"@id\":\"https:\\\/\\\/sous-le-mont.ch\\\/#organization\",\"name\":\"Hof Sous-le-Mont\",\"url\":\"https:\\\/\\\/sous-le-mont.ch\\\/\",\"logo\":{\"@type\":\"ImageObject\",\"inLanguage\":\"fr-FR\",\"@id\":\"https:\\\/\\\/sous-le-mont.ch\\\/#\\\/schema\\\/logo\\\/image\\\/\",\"url\":\"https:\\\/\\\/sous-le-mont.ch\\\/wp-content\\\/uploads\\\/2025\\\/09\\\/cropped-Kuh.png\",\"contentUrl\":\"https:\\\/\\\/sous-le-mont.ch\\\/wp-content\\\/uploads\\\/2025\\\/09\\\/cropped-Kuh.png\",\"width\":482,\"height\":322,\"caption\":\"Hof Sous-le-Mont\"},\"image\":{\"@id\":\"https:\\\/\\\/sous-le-mont.ch\\\/#\\\/schema\\\/logo\\\/image\\\/\"}}]}<\/script>\n<!-- \/ Yoast SEO plugin. -->","yoast_head_json":{"title":"\u00dcber uns - Hof Sous-le-Mont","robots":{"index":"index","follow":"follow","max-snippet":"max-snippet:-1","max-image-preview":"max-image-preview:large","max-video-preview":"max-video-preview:-1"},"canonical":"https:\/\/sous-le-mont.ch\/fr\/ueber-uns-2\/","og_locale":"fr_FR","og_type":"article","og_title":"\u00dcber uns - Hof Sous-le-Mont","og_description":"Die M\u00f6glichkeit den Familienhof (Bischof-Br\u00e4uner) weiterzuf\u00fchren, haben wir als bunte generationen\u00fcbergreifende Gemeinschaft ergriffen. Mit unseren verschiedenen beruflichen F\u00e4higkeiten haben wir uns im Januar 2021 auf einen gemeinsamen Weg begeben. Unsere Werte Unsere gemeinsame Vision:Nebst der Landwirtschaft einen Ort zu schaffen f\u00fcr soziale, k\u00fcnstlerische und naturnahe Aktivit\u00e4ten.","og_url":"https:\/\/sous-le-mont.ch\/fr\/ueber-uns-2\/","og_site_name":"Hof Sous-le-Mont","article_modified_time":"2025-09-02T21:30:41+00:00","og_image":[{"width":1080,"height":540,"url":"https:\/\/sous-le-mont.ch\/wp-content\/uploads\/2022\/02\/Kuh_2.jpg","type":"image\/jpeg"}],"twitter_card":"summary_large_image","twitter_misc":{"Dur\u00e9e de lecture estim\u00e9e":"1 minute"},"schema":{"@context":"https:\/\/schema.org","@graph":[{"@type":"WebPage","@id":"https:\/\/sous-le-mont.ch\/ueber-uns-2\/","url":"https:\/\/sous-le-mont.ch\/ueber-uns-2\/","name":"\u00dcber uns - Hof Sous-le-Mont","isPartOf":{"@id":"https:\/\/sous-le-mont.ch\/#website"},"primaryImageOfPage":{"@id":"https:\/\/sous-le-mont.ch\/ueber-uns-2\/#primaryimage"},"image":{"@id":"https:\/\/sous-le-mont.ch\/ueber-uns-2\/#primaryimage"},"thumbnailUrl":"https:\/\/sous-le-mont.ch\/wp-content\/uploads\/2022\/02\/Kuh_2.jpg","datePublished":"2022-09-11T13:38:24+00:00","dateModified":"2025-09-02T21:30:41+00:00","breadcrumb":{"@id":"https:\/\/sous-le-mont.ch\/ueber-uns-2\/#breadcrumb"},"inLanguage":"fr-FR","potentialAction":[{"@type":"ReadAction","target":["https:\/\/sous-le-mont.ch\/ueber-uns-2\/"]}]},{"@type":"ImageObject","inLanguage":"fr-FR","@id":"https:\/\/sous-le-mont.ch\/ueber-uns-2\/#primaryimage","url":"https:\/\/sous-le-mont.ch\/wp-content\/uploads\/2022\/02\/Kuh_2.jpg","contentUrl":"https:\/\/sous-le-mont.ch\/wp-content\/uploads\/2022\/02\/Kuh_2.jpg","width":1080,"height":540},{"@type":"BreadcrumbList","@id":"https:\/\/sous-le-mont.ch\/ueber-uns-2\/#breadcrumb","itemListElement":[{"@type":"ListItem","position":1,"name":"Home","item":"https:\/\/sous-le-mont.ch\/"},{"@type":"ListItem","position":2,"name":"\u00dcber uns"}]},{"@type":"WebSite","@id":"https:\/\/sous-le-mont.ch\/#website","url":"https:\/\/sous-le-mont.ch\/","name":"Hof Sous-le-Mont","description":"Viande de b\u0153uf biologique issue mis-\u00e0-mort \u00e0 la ferme","publisher":{"@id":"https:\/\/sous-le-mont.ch\/#organization"},"potentialAction":[{"@type":"SearchAction","target":{"@type":"EntryPoint","urlTemplate":"https:\/\/sous-le-mont.ch\/?s={search_term_string}"},"query-input":{"@type":"PropertyValueSpecification","valueRequired":true,"valueName":"search_term_string"}}],"inLanguage":"fr-FR"},{"@type":"Organization","@id":"https:\/\/sous-le-mont.ch\/#organization","name":"Hof Sous-le-Mont","url":"https:\/\/sous-le-mont.ch\/","logo":{"@type":"ImageObject","inLanguage":"fr-FR","@id":"https:\/\/sous-le-mont.ch\/#\/schema\/logo\/image\/","url":"https:\/\/sous-le-mont.ch\/wp-content\/uploads\/2025\/09\/cropped-Kuh.png","contentUrl":"https:\/\/sous-le-mont.ch\/wp-content\/uploads\/2025\/09\/cropped-Kuh.png","width":482,"height":322,"caption":"Hof Sous-le-Mont"},"image":{"@id":"https:\/\/sous-le-mont.ch\/#\/schema\/logo\/image\/"}}]}},"_links":{"self":[{"href":"https:\/\/sous-le-mont.ch\/fr\/wp-json\/wp\/v2\/pages\/586","targetHints":{"allow":["GET"]}}],"collection":[{"href":"https:\/\/sous-le-mont.ch\/fr\/wp-json\/wp\/v2\/pages"}],"about":[{"href":"https:\/\/sous-le-mont.ch\/fr\/wp-json\/wp\/v2\/types\/page"}],"author":[{"embeddable":true,"href":"https:\/\/sous-le-mont.ch\/fr\/wp-json\/wp\/v2\/users\/4"}],"replies":[{"embeddable":true,"href":"https:\/\/sous-le-mont.ch\/fr\/wp-json\/wp\/v2\/comments?post=586"}],"version-history":[{"count":10,"href":"https:\/\/sous-le-mont.ch\/fr\/wp-json\/wp\/v2\/pages\/586\/revisions"}],"predecessor-version":[{"id":656,"href":"https:\/\/sous-le-mont.ch\/fr\/wp-json\/wp\/v2\/pages\/586\/revisions\/656"}],"wp:featuredmedia":[{"embeddable":true,"href":"https:\/\/sous-le-mont.ch\/fr\/wp-json\/wp\/v2\/media\/105"}],"wp:attachment":[{"href":"https:\/\/sous-le-mont.ch\/fr\/wp-json\/wp\/v2\/media?parent=586"}],"curies":[{"name":"wp","href":"https:\/\/api.w.org\/{rel}","templated":true}]}}