{"id":609,"date":"2022-11-03T17:11:58","date_gmt":"2022-11-03T16:11:58","guid":{"rendered":"https:\/\/sous-le-mont.ch\/?page_id=609"},"modified":"2026-01-14T13:27:21","modified_gmt":"2026-01-14T12:27:21","slug":"produkte","status":"publish","type":"page","link":"https:\/\/sous-le-mont.ch\/fr\/produkte\/","title":{"rendered":"Viande bio"},"content":{"rendered":"<p><strong>Viande bio issue de mis-\u00e0-mort \u00e0 la ferme sans stress<\/strong><br>Exp\u00e9dition par la poste ou retrait \u00e0 la ferme<\/p>\n\n\n\n<p><\/p>\n\n\n\n<div class=\"wp-block-buttons is-layout-flex wp-block-buttons-is-layout-flex\">\n<div class=\"wp-block-button has-custom-width wp-block-button__width-50 animated fadeIn delay-200ms ticss-194b6e6b is-style-fill\"><a class=\"wp-block-button__link has-white-color has-accent-background-color has-text-color has-background has-link-color wp-element-button\" href=\"https:\/\/sous-le-mont.ch\/fr\/produkte\/bestellung2025\/\" target=\"_blank\" rel=\"noreferrer noopener\">Commande 2026<\/a><\/div>\n<\/div>\n\n\n\n<p><\/p>\n\n\n\n<p class=\"translation-block\">Notre viande de b\u0153uf de p\u00e2turage, de Bio-Beef et d\u2019agneau est bien rassie, d\u00e9coup\u00e9e en portions pr\u00eates \u00e0 cuire et conditionn\u00e9e sous vide.\nLa viande de nos vaches est transform\u00e9e en viande s\u00e9ch\u00e9e et en saucisses s\u00e8ches, d\u00e9veloppant sa saveur particuli\u00e8re gr\u00e2ce au fumage au feu de bois.\nAfin de valoriser au maximum l\u2019animal, nous faisons tanner nos peaux sur demande dans une tannerie artisanale naturelle.\nNos paquets mixtes de b\u0153uf bio de p\u00e2turage (18 \u00e0 27 mois) ou de Bio-Beef (10 \u00e0 13 mois) contiennent, selon la quantit\u00e9 command\u00e9e (5 kg \/ 10 kg \/ 20 kg \/ 30 kg ou plus) :\nfilet, pi\u00e8ce de ronde, steak, entrec\u00f4te, c\u00f4telette, r\u00f4ti, rago\u00fbt, \u00e9minc\u00e9, tranches \u00e0 braiser, viande \u00e0 bouillir, viande hach\u00e9e, jarrets, et sur demande : os \u00e0 soupe.<\/p>\n\n\n\n<p><\/p>\n\n\n\n<div class=\"wp-block-group\"><div class=\"wp-block-group__inner-container is-layout-constrained wp-block-group-is-layout-constrained\">\n<figure class=\"wp-block-image size-large\"><img loading=\"lazy\" decoding=\"async\" width=\"1024\" height=\"461\" src=\"https:\/\/sous-le-mont.ch\/wp-content\/uploads\/2023\/05\/Mutterkuh_Galloway-1-1024x461.jpg\" alt=\"\" class=\"wp-image-836\" srcset=\"https:\/\/sous-le-mont.ch\/wp-content\/uploads\/2023\/05\/Mutterkuh_Galloway-1-1024x461.jpg 1024w, https:\/\/sous-le-mont.ch\/wp-content\/uploads\/2023\/05\/Mutterkuh_Galloway-1-300x135.jpg 300w, https:\/\/sous-le-mont.ch\/wp-content\/uploads\/2023\/05\/Mutterkuh_Galloway-1-768x346.jpg 768w, https:\/\/sous-le-mont.ch\/wp-content\/uploads\/2023\/05\/Mutterkuh_Galloway-1.jpg 1280w\" sizes=\"auto, (max-width: 1024px) 100vw, 1024px\" \/><\/figure>\n<\/div><\/div>\n\n\n\n<figure class=\"wp-block-image size-full\"><img loading=\"lazy\" decoding=\"async\" width=\"2560\" height=\"1152\" src=\"https:\/\/sous-le-mont.ch\/wp-content\/uploads\/2025\/01\/Schafe-scaled.jpg\" alt=\"\" class=\"wp-image-987\" srcset=\"https:\/\/sous-le-mont.ch\/wp-content\/uploads\/2025\/01\/Schafe-scaled.jpg 2560w, https:\/\/sous-le-mont.ch\/wp-content\/uploads\/2025\/01\/Schafe-300x135.jpg 300w, https:\/\/sous-le-mont.ch\/wp-content\/uploads\/2025\/01\/Schafe-1024x461.jpg 1024w, https:\/\/sous-le-mont.ch\/wp-content\/uploads\/2025\/01\/Schafe-768x346.jpg 768w, https:\/\/sous-le-mont.ch\/wp-content\/uploads\/2025\/01\/Schafe-1536x691.jpg 1536w, https:\/\/sous-le-mont.ch\/wp-content\/uploads\/2025\/01\/Schafe-2048x922.jpg 2048w\" sizes=\"auto, (max-width: 2560px) 100vw, 2560px\" \/><\/figure>\n\n\n\n<hr class=\"wp-block-separator has-alpha-channel-opacity\"\/>\n\n\n\n<div class=\"wp-block-columns is-layout-flex wp-container-core-columns-is-layout-28f84493 wp-block-columns-is-layout-flex\">\n<div class=\"wp-block-column is-layout-flow wp-block-column-is-layout-flow\"><div class=\"wp-block-image\">\n<figure class=\"alignright size-large is-resized\"><img loading=\"lazy\" decoding=\"async\" width=\"1024\" height=\"1024\" src=\"https:\/\/sous-le-mont.ch\/wp-content\/uploads\/2025\/09\/qr-code-1024x1024.png\" alt=\"\" class=\"wp-image-1038\" style=\"width:182px;height:auto\" srcset=\"https:\/\/sous-le-mont.ch\/wp-content\/uploads\/2025\/09\/qr-code-1024x1024.png 1024w, https:\/\/sous-le-mont.ch\/wp-content\/uploads\/2025\/09\/qr-code-300x300.png 300w, https:\/\/sous-le-mont.ch\/wp-content\/uploads\/2025\/09\/qr-code-150x150.png 150w, https:\/\/sous-le-mont.ch\/wp-content\/uploads\/2025\/09\/qr-code-768x768.png 768w, https:\/\/sous-le-mont.ch\/wp-content\/uploads\/2025\/09\/qr-code-100x100.png 100w, https:\/\/sous-le-mont.ch\/wp-content\/uploads\/2025\/09\/qr-code.png 1125w\" sizes=\"auto, (max-width: 1024px) 100vw, 1024px\" \/><\/figure>\n<\/div><\/div>\n\n\n\n<div class=\"wp-block-column is-layout-flow wp-block-column-is-layout-flow\">\n<h2 class=\"wp-block-heading\">What&#8217;s App<\/h2>\n\n\n\n<p>Groupe WhatsApp pour les commandes de viande. Ici, vous restez toujours inform\u00e9.<\/p>\n<\/div>\n<\/div>","protected":false},"excerpt":{"rendered":"<p>Biofleisch aus unserer stressfreien Hoft\u00f6tung(Postversand oder Direktverkauf) Unser Fleisch vom Weiderind, Bio-Beef und Lamm erhalten Sie gut abgehangen, pfannenfertig portioniert und vakuumiert. Unser Kuhfleisch wird zu Trockenfleisch und Trockenw\u00fcrste verarbeitet und entwickelt seinen besonderen Geschmack durch die Holzfeuer-R\u00e4ucherung. Um so viel wie m\u00f6glich vom Tier zu verwerten, lassen wir unsere [&hellip;]<\/p>","protected":false},"author":4,"featured_media":0,"parent":0,"menu_order":0,"comment_status":"closed","ping_status":"closed","template":"","meta":{"inline_featured_image":false,"_themeisle_gutenberg_block_has_review":false,"footnotes":""},"class_list":["post-609","page","type-page","status-publish","hentry"],"yoast_head":"<!-- This site is optimized with the Yoast SEO plugin v27.4 - https:\/\/yoast.com\/product\/yoast-seo-wordpress\/ -->\n<title>Produkte - Hof Sous-le-Mont<\/title>\n<meta name=\"robots\" content=\"index, follow, max-snippet:-1, max-image-preview:large, max-video-preview:-1\" \/>\n<link rel=\"canonical\" href=\"https:\/\/sous-le-mont.ch\/fr\/produkte\/\" \/>\n<meta property=\"og:locale\" content=\"fr_FR\" \/>\n<meta property=\"og:type\" content=\"article\" \/>\n<meta property=\"og:title\" content=\"Produkte - Hof Sous-le-Mont\" \/>\n<meta property=\"og:description\" content=\"Biofleisch aus unserer stressfreien Hoft\u00f6tung(Postversand oder Direktverkauf) Unser Fleisch vom Weiderind, Bio-Beef und Lamm erhalten Sie gut abgehangen, pfannenfertig portioniert und vakuumiert. Unser Kuhfleisch wird zu Trockenfleisch und Trockenw\u00fcrste verarbeitet und entwickelt seinen besonderen Geschmack durch die Holzfeuer-R\u00e4ucherung. Um so viel wie m\u00f6glich vom Tier zu verwerten, lassen wir unsere [&hellip;]\" \/>\n<meta property=\"og:url\" content=\"https:\/\/sous-le-mont.ch\/fr\/produkte\/\" \/>\n<meta property=\"og:site_name\" content=\"Hof Sous-le-Mont\" \/>\n<meta property=\"article:modified_time\" content=\"2026-01-14T12:27:21+00:00\" \/>\n<meta property=\"og:image\" content=\"https:\/\/sous-le-mont.ch\/wp-content\/uploads\/2023\/05\/Mutterkuh_Galloway-1.jpg\" \/>\n\t<meta property=\"og:image:width\" content=\"1280\" \/>\n\t<meta property=\"og:image:height\" content=\"576\" \/>\n\t<meta property=\"og:image:type\" content=\"image\/jpeg\" \/>\n<meta name=\"twitter:card\" content=\"summary_large_image\" \/>\n<meta name=\"twitter:label1\" content=\"Dur\u00e9e de lecture estim\u00e9e\" \/>\n\t<meta name=\"twitter:data1\" content=\"2 minutes\" \/>\n<script type=\"application\/ld+json\" class=\"yoast-schema-graph\">{\"@context\":\"https:\\\/\\\/schema.org\",\"@graph\":[{\"@type\":\"WebPage\",\"@id\":\"https:\\\/\\\/sous-le-mont.ch\\\/produkte\\\/\",\"url\":\"https:\\\/\\\/sous-le-mont.ch\\\/produkte\\\/\",\"name\":\"Produkte - Hof Sous-le-Mont\",\"isPartOf\":{\"@id\":\"https:\\\/\\\/sous-le-mont.ch\\\/#website\"},\"primaryImageOfPage\":{\"@id\":\"https:\\\/\\\/sous-le-mont.ch\\\/produkte\\\/#primaryimage\"},\"image\":{\"@id\":\"https:\\\/\\\/sous-le-mont.ch\\\/produkte\\\/#primaryimage\"},\"thumbnailUrl\":\"https:\\\/\\\/sous-le-mont.ch\\\/wp-content\\\/uploads\\\/2023\\\/05\\\/Mutterkuh_Galloway-1-1024x461.jpg\",\"datePublished\":\"2022-11-03T16:11:58+00:00\",\"dateModified\":\"2026-01-14T12:27:21+00:00\",\"breadcrumb\":{\"@id\":\"https:\\\/\\\/sous-le-mont.ch\\\/produkte\\\/#breadcrumb\"},\"inLanguage\":\"fr-FR\",\"potentialAction\":[{\"@type\":\"ReadAction\",\"target\":[\"https:\\\/\\\/sous-le-mont.ch\\\/produkte\\\/\"]}]},{\"@type\":\"ImageObject\",\"inLanguage\":\"fr-FR\",\"@id\":\"https:\\\/\\\/sous-le-mont.ch\\\/produkte\\\/#primaryimage\",\"url\":\"https:\\\/\\\/sous-le-mont.ch\\\/wp-content\\\/uploads\\\/2023\\\/05\\\/Mutterkuh_Galloway-1-1024x461.jpg\",\"contentUrl\":\"https:\\\/\\\/sous-le-mont.ch\\\/wp-content\\\/uploads\\\/2023\\\/05\\\/Mutterkuh_Galloway-1-1024x461.jpg\"},{\"@type\":\"BreadcrumbList\",\"@id\":\"https:\\\/\\\/sous-le-mont.ch\\\/produkte\\\/#breadcrumb\",\"itemListElement\":[{\"@type\":\"ListItem\",\"position\":1,\"name\":\"Home\",\"item\":\"https:\\\/\\\/sous-le-mont.ch\\\/\"},{\"@type\":\"ListItem\",\"position\":2,\"name\":\"Produkte\"}]},{\"@type\":\"WebSite\",\"@id\":\"https:\\\/\\\/sous-le-mont.ch\\\/#website\",\"url\":\"https:\\\/\\\/sous-le-mont.ch\\\/\",\"name\":\"Hof Sous-le-Mont\",\"description\":\"Bio Beef aus bester Haltung &amp; Hoft\u00f6tung\",\"publisher\":{\"@id\":\"https:\\\/\\\/sous-le-mont.ch\\\/#organization\"},\"potentialAction\":[{\"@type\":\"SearchAction\",\"target\":{\"@type\":\"EntryPoint\",\"urlTemplate\":\"https:\\\/\\\/sous-le-mont.ch\\\/?s={search_term_string}\"},\"query-input\":{\"@type\":\"PropertyValueSpecification\",\"valueRequired\":true,\"valueName\":\"search_term_string\"}}],\"inLanguage\":\"fr-FR\"},{\"@type\":\"Organization\",\"@id\":\"https:\\\/\\\/sous-le-mont.ch\\\/#organization\",\"name\":\"Hof Sous-le-Mont\",\"url\":\"https:\\\/\\\/sous-le-mont.ch\\\/\",\"logo\":{\"@type\":\"ImageObject\",\"inLanguage\":\"fr-FR\",\"@id\":\"https:\\\/\\\/sous-le-mont.ch\\\/#\\\/schema\\\/logo\\\/image\\\/\",\"url\":\"https:\\\/\\\/sous-le-mont.ch\\\/wp-content\\\/uploads\\\/2025\\\/09\\\/cropped-Kuh.png\",\"contentUrl\":\"https:\\\/\\\/sous-le-mont.ch\\\/wp-content\\\/uploads\\\/2025\\\/09\\\/cropped-Kuh.png\",\"width\":482,\"height\":322,\"caption\":\"Hof Sous-le-Mont\"},\"image\":{\"@id\":\"https:\\\/\\\/sous-le-mont.ch\\\/#\\\/schema\\\/logo\\\/image\\\/\"}}]}<\/script>\n<!-- \/ Yoast SEO plugin. -->","yoast_head_json":{"title":"Produkte - Hof Sous-le-Mont","robots":{"index":"index","follow":"follow","max-snippet":"max-snippet:-1","max-image-preview":"max-image-preview:large","max-video-preview":"max-video-preview:-1"},"canonical":"https:\/\/sous-le-mont.ch\/fr\/produkte\/","og_locale":"fr_FR","og_type":"article","og_title":"Produkte - Hof Sous-le-Mont","og_description":"Biofleisch aus unserer stressfreien Hoft\u00f6tung(Postversand oder Direktverkauf) Unser Fleisch vom Weiderind, Bio-Beef und Lamm erhalten Sie gut abgehangen, pfannenfertig portioniert und vakuumiert. Unser Kuhfleisch wird zu Trockenfleisch und Trockenw\u00fcrste verarbeitet und entwickelt seinen besonderen Geschmack durch die Holzfeuer-R\u00e4ucherung. Um so viel wie m\u00f6glich vom Tier zu verwerten, lassen wir unsere [&hellip;]","og_url":"https:\/\/sous-le-mont.ch\/fr\/produkte\/","og_site_name":"Hof Sous-le-Mont","article_modified_time":"2026-01-14T12:27:21+00:00","og_image":[{"width":1280,"height":576,"url":"https:\/\/sous-le-mont.ch\/wp-content\/uploads\/2023\/05\/Mutterkuh_Galloway-1.jpg","type":"image\/jpeg"}],"twitter_card":"summary_large_image","twitter_misc":{"Dur\u00e9e de lecture estim\u00e9e":"2 minutes"},"schema":{"@context":"https:\/\/schema.org","@graph":[{"@type":"WebPage","@id":"https:\/\/sous-le-mont.ch\/produkte\/","url":"https:\/\/sous-le-mont.ch\/produkte\/","name":"Produkte - Hof Sous-le-Mont","isPartOf":{"@id":"https:\/\/sous-le-mont.ch\/#website"},"primaryImageOfPage":{"@id":"https:\/\/sous-le-mont.ch\/produkte\/#primaryimage"},"image":{"@id":"https:\/\/sous-le-mont.ch\/produkte\/#primaryimage"},"thumbnailUrl":"https:\/\/sous-le-mont.ch\/wp-content\/uploads\/2023\/05\/Mutterkuh_Galloway-1-1024x461.jpg","datePublished":"2022-11-03T16:11:58+00:00","dateModified":"2026-01-14T12:27:21+00:00","breadcrumb":{"@id":"https:\/\/sous-le-mont.ch\/produkte\/#breadcrumb"},"inLanguage":"fr-FR","potentialAction":[{"@type":"ReadAction","target":["https:\/\/sous-le-mont.ch\/produkte\/"]}]},{"@type":"ImageObject","inLanguage":"fr-FR","@id":"https:\/\/sous-le-mont.ch\/produkte\/#primaryimage","url":"https:\/\/sous-le-mont.ch\/wp-content\/uploads\/2023\/05\/Mutterkuh_Galloway-1-1024x461.jpg","contentUrl":"https:\/\/sous-le-mont.ch\/wp-content\/uploads\/2023\/05\/Mutterkuh_Galloway-1-1024x461.jpg"},{"@type":"BreadcrumbList","@id":"https:\/\/sous-le-mont.ch\/produkte\/#breadcrumb","itemListElement":[{"@type":"ListItem","position":1,"name":"Home","item":"https:\/\/sous-le-mont.ch\/"},{"@type":"ListItem","position":2,"name":"Produkte"}]},{"@type":"WebSite","@id":"https:\/\/sous-le-mont.ch\/#website","url":"https:\/\/sous-le-mont.ch\/","name":"Hof Sous-le-Mont","description":"Viande de b\u0153uf biologique issue mis-\u00e0-mort \u00e0 la ferme","publisher":{"@id":"https:\/\/sous-le-mont.ch\/#organization"},"potentialAction":[{"@type":"SearchAction","target":{"@type":"EntryPoint","urlTemplate":"https:\/\/sous-le-mont.ch\/?s={search_term_string}"},"query-input":{"@type":"PropertyValueSpecification","valueRequired":true,"valueName":"search_term_string"}}],"inLanguage":"fr-FR"},{"@type":"Organization","@id":"https:\/\/sous-le-mont.ch\/#organization","name":"Hof Sous-le-Mont","url":"https:\/\/sous-le-mont.ch\/","logo":{"@type":"ImageObject","inLanguage":"fr-FR","@id":"https:\/\/sous-le-mont.ch\/#\/schema\/logo\/image\/","url":"https:\/\/sous-le-mont.ch\/wp-content\/uploads\/2025\/09\/cropped-Kuh.png","contentUrl":"https:\/\/sous-le-mont.ch\/wp-content\/uploads\/2025\/09\/cropped-Kuh.png","width":482,"height":322,"caption":"Hof Sous-le-Mont"},"image":{"@id":"https:\/\/sous-le-mont.ch\/#\/schema\/logo\/image\/"}}]}},"_links":{"self":[{"href":"https:\/\/sous-le-mont.ch\/fr\/wp-json\/wp\/v2\/pages\/609","targetHints":{"allow":["GET"]}}],"collection":[{"href":"https:\/\/sous-le-mont.ch\/fr\/wp-json\/wp\/v2\/pages"}],"about":[{"href":"https:\/\/sous-le-mont.ch\/fr\/wp-json\/wp\/v2\/types\/page"}],"author":[{"embeddable":true,"href":"https:\/\/sous-le-mont.ch\/fr\/wp-json\/wp\/v2\/users\/4"}],"replies":[{"embeddable":true,"href":"https:\/\/sous-le-mont.ch\/fr\/wp-json\/wp\/v2\/comments?post=609"}],"version-history":[{"count":39,"href":"https:\/\/sous-le-mont.ch\/fr\/wp-json\/wp\/v2\/pages\/609\/revisions"}],"predecessor-version":[{"id":1185,"href":"https:\/\/sous-le-mont.ch\/fr\/wp-json\/wp\/v2\/pages\/609\/revisions\/1185"}],"wp:attachment":[{"href":"https:\/\/sous-le-mont.ch\/fr\/wp-json\/wp\/v2\/media?parent=609"}],"curies":[{"name":"wp","href":"https:\/\/api.w.org\/{rel}","templated":true}]}}