{"id":665,"date":"2022-11-03T21:52:48","date_gmt":"2022-11-03T20:52:48","guid":{"rendered":"https:\/\/sous-le-mont.ch\/?page_id=665"},"modified":"2025-10-13T19:38:11","modified_gmt":"2025-10-13T18:38:11","slug":"antonia-bischof","status":"publish","type":"page","link":"https:\/\/sous-le-mont.ch\/fr\/antonia-bischof\/","title":{"rendered":"Antonia Bischof"},"content":{"rendered":"<div class=\"wp-block-media-text alignwide is-stacked-on-mobile\" style=\"grid-template-columns:40% auto\"><figure class=\"wp-block-media-text__media\"><img loading=\"lazy\" decoding=\"async\" width=\"683\" height=\"1024\" src=\"https:\/\/sous-le-mont.ch\/wp-content\/uploads\/2022\/09\/Antonia-683x1024.jpg\" alt=\"\" class=\"wp-image-427 size-full\" srcset=\"https:\/\/sous-le-mont.ch\/wp-content\/uploads\/2022\/09\/Antonia-683x1024.jpg 683w, https:\/\/sous-le-mont.ch\/wp-content\/uploads\/2022\/09\/Antonia-200x300.jpg 200w, https:\/\/sous-le-mont.ch\/wp-content\/uploads\/2022\/09\/Antonia-768x1152.jpg 768w, https:\/\/sous-le-mont.ch\/wp-content\/uploads\/2022\/09\/Antonia-1024x1536.jpg 1024w, https:\/\/sous-le-mont.ch\/wp-content\/uploads\/2022\/09\/Antonia-1365x2048.jpg 1365w, https:\/\/sous-le-mont.ch\/wp-content\/uploads\/2022\/09\/Antonia-scaled.jpg 1707w\" sizes=\"auto, (max-width: 683px) 100vw, 683px\" \/><\/figure><div class=\"wp-block-media-text__content\">\n<h2 class=\"wp-block-heading\">Antonia Bischof<\/h2>\n\n\n\n<p>Agricultrice diplom\u00e9e, \u00e9ducatrice sp\u00e9cialis\u00e9e et danseuse interpr\u00e8te, elle a momentan\u00e9ment d\u00e9plac\u00e9 sa carri\u00e8re de danse\u2026 sur le tas de fumier. Elle a \u00e9galement suivi une formation en \u00e9quitation \u00e9thologique et adore c\u00e2liner ses vaches.\nSa vision : combiner la danse et l\u2019agriculture. Dans la pratique, elle cherche d\u2019abord \u00e0 poser des bases solides pour la ferme, afin de pouvoir construire la suite.<br>Ihre Vision, die Landwirtschaft mit Tanz zu verbinden. In der Praxis versucht sie zun\u00e4chst, eine solide Grundlage f\u00fcr den Hof zu schaffen, um darauf aufbauen zu k\u00f6nnen.<\/p>\n<\/div><\/div>","protected":false},"excerpt":{"rendered":"<p>Antonia Bischof Landwirtin in Ausbildung, Sozialp\u00e4dagogin und ausgebildete T\u00e4nzerin hat zurzeit ihre Tanzkarriere auf den Misthaufen verlegt. Mit der neu gegr\u00fcndeten Gemeinschaft hat sie vor, den elterlichen Hof neu zu beleben. Sie hat auch eine Horsemanship Ausbildung und krault leidenschaftlich gerne unsere K\u00fche.Ihre Vision, die Landwirtschaft mit Tanz zu verbinden. [&hellip;]<\/p>","protected":false},"author":4,"featured_media":0,"parent":0,"menu_order":0,"comment_status":"closed","ping_status":"closed","template":"","meta":{"inline_featured_image":false,"_themeisle_gutenberg_block_has_review":false,"footnotes":""},"class_list":["post-665","page","type-page","status-publish","hentry"],"yoast_head":"<!-- This site is optimized with the Yoast SEO plugin v27.4 - https:\/\/yoast.com\/product\/yoast-seo-wordpress\/ -->\n<title>Antonia Bischof - Hof Sous-le-Mont<\/title>\n<meta name=\"robots\" content=\"index, follow, max-snippet:-1, max-image-preview:large, max-video-preview:-1\" \/>\n<link rel=\"canonical\" href=\"https:\/\/sous-le-mont.ch\/fr\/antonia-bischof\/\" \/>\n<meta property=\"og:locale\" content=\"fr_FR\" \/>\n<meta property=\"og:type\" content=\"article\" \/>\n<meta property=\"og:title\" content=\"Antonia Bischof - Hof Sous-le-Mont\" \/>\n<meta property=\"og:description\" content=\"Antonia Bischof Landwirtin in Ausbildung, Sozialp\u00e4dagogin und ausgebildete T\u00e4nzerin hat zurzeit ihre Tanzkarriere auf den Misthaufen verlegt. Mit der neu gegr\u00fcndeten Gemeinschaft hat sie vor, den elterlichen Hof neu zu beleben. Sie hat auch eine Horsemanship Ausbildung und krault leidenschaftlich gerne unsere K\u00fche.Ihre Vision, die Landwirtschaft mit Tanz zu verbinden. [&hellip;]\" \/>\n<meta property=\"og:url\" content=\"https:\/\/sous-le-mont.ch\/fr\/antonia-bischof\/\" \/>\n<meta property=\"og:site_name\" content=\"Hof Sous-le-Mont\" \/>\n<meta property=\"article:modified_time\" content=\"2025-10-13T18:38:11+00:00\" \/>\n<meta property=\"og:image\" content=\"https:\/\/sous-le-mont.ch\/wp-content\/uploads\/2022\/09\/Antonia-scaled.jpg\" \/>\n\t<meta property=\"og:image:width\" content=\"1707\" \/>\n\t<meta property=\"og:image:height\" content=\"2560\" \/>\n\t<meta property=\"og:image:type\" content=\"image\/jpeg\" \/>\n<meta name=\"twitter:card\" content=\"summary_large_image\" \/>\n<meta name=\"twitter:label1\" content=\"Dur\u00e9e de lecture estim\u00e9e\" \/>\n\t<meta name=\"twitter:data1\" content=\"1 minute\" \/>\n<script type=\"application\/ld+json\" class=\"yoast-schema-graph\">{\"@context\":\"https:\\\/\\\/schema.org\",\"@graph\":[{\"@type\":\"WebPage\",\"@id\":\"https:\\\/\\\/sous-le-mont.ch\\\/antonia-bischof\\\/\",\"url\":\"https:\\\/\\\/sous-le-mont.ch\\\/antonia-bischof\\\/\",\"name\":\"Antonia Bischof - Hof Sous-le-Mont\",\"isPartOf\":{\"@id\":\"https:\\\/\\\/sous-le-mont.ch\\\/#website\"},\"primaryImageOfPage\":{\"@id\":\"https:\\\/\\\/sous-le-mont.ch\\\/antonia-bischof\\\/#primaryimage\"},\"image\":{\"@id\":\"https:\\\/\\\/sous-le-mont.ch\\\/antonia-bischof\\\/#primaryimage\"},\"thumbnailUrl\":\"https:\\\/\\\/sous-le-mont.ch\\\/wp-content\\\/uploads\\\/2022\\\/09\\\/Antonia-683x1024.jpg\",\"datePublished\":\"2022-11-03T20:52:48+00:00\",\"dateModified\":\"2025-10-13T18:38:11+00:00\",\"breadcrumb\":{\"@id\":\"https:\\\/\\\/sous-le-mont.ch\\\/antonia-bischof\\\/#breadcrumb\"},\"inLanguage\":\"fr-FR\",\"potentialAction\":[{\"@type\":\"ReadAction\",\"target\":[\"https:\\\/\\\/sous-le-mont.ch\\\/antonia-bischof\\\/\"]}]},{\"@type\":\"ImageObject\",\"inLanguage\":\"fr-FR\",\"@id\":\"https:\\\/\\\/sous-le-mont.ch\\\/antonia-bischof\\\/#primaryimage\",\"url\":\"https:\\\/\\\/sous-le-mont.ch\\\/wp-content\\\/uploads\\\/2022\\\/09\\\/Antonia-683x1024.jpg\",\"contentUrl\":\"https:\\\/\\\/sous-le-mont.ch\\\/wp-content\\\/uploads\\\/2022\\\/09\\\/Antonia-683x1024.jpg\"},{\"@type\":\"BreadcrumbList\",\"@id\":\"https:\\\/\\\/sous-le-mont.ch\\\/antonia-bischof\\\/#breadcrumb\",\"itemListElement\":[{\"@type\":\"ListItem\",\"position\":1,\"name\":\"Home\",\"item\":\"https:\\\/\\\/sous-le-mont.ch\\\/\"},{\"@type\":\"ListItem\",\"position\":2,\"name\":\"Antonia Bischof\"}]},{\"@type\":\"WebSite\",\"@id\":\"https:\\\/\\\/sous-le-mont.ch\\\/#website\",\"url\":\"https:\\\/\\\/sous-le-mont.ch\\\/\",\"name\":\"Hof Sous-le-Mont\",\"description\":\"Bio Beef aus bester Haltung &amp; Hoft\u00f6tung\",\"publisher\":{\"@id\":\"https:\\\/\\\/sous-le-mont.ch\\\/#organization\"},\"potentialAction\":[{\"@type\":\"SearchAction\",\"target\":{\"@type\":\"EntryPoint\",\"urlTemplate\":\"https:\\\/\\\/sous-le-mont.ch\\\/?s={search_term_string}\"},\"query-input\":{\"@type\":\"PropertyValueSpecification\",\"valueRequired\":true,\"valueName\":\"search_term_string\"}}],\"inLanguage\":\"fr-FR\"},{\"@type\":\"Organization\",\"@id\":\"https:\\\/\\\/sous-le-mont.ch\\\/#organization\",\"name\":\"Hof Sous-le-Mont\",\"url\":\"https:\\\/\\\/sous-le-mont.ch\\\/\",\"logo\":{\"@type\":\"ImageObject\",\"inLanguage\":\"fr-FR\",\"@id\":\"https:\\\/\\\/sous-le-mont.ch\\\/#\\\/schema\\\/logo\\\/image\\\/\",\"url\":\"https:\\\/\\\/sous-le-mont.ch\\\/wp-content\\\/uploads\\\/2025\\\/09\\\/cropped-Kuh.png\",\"contentUrl\":\"https:\\\/\\\/sous-le-mont.ch\\\/wp-content\\\/uploads\\\/2025\\\/09\\\/cropped-Kuh.png\",\"width\":482,\"height\":322,\"caption\":\"Hof Sous-le-Mont\"},\"image\":{\"@id\":\"https:\\\/\\\/sous-le-mont.ch\\\/#\\\/schema\\\/logo\\\/image\\\/\"}}]}<\/script>\n<!-- \/ Yoast SEO plugin. -->","yoast_head_json":{"title":"Antonia Bischof - Hof Sous-le-Mont","robots":{"index":"index","follow":"follow","max-snippet":"max-snippet:-1","max-image-preview":"max-image-preview:large","max-video-preview":"max-video-preview:-1"},"canonical":"https:\/\/sous-le-mont.ch\/fr\/antonia-bischof\/","og_locale":"fr_FR","og_type":"article","og_title":"Antonia Bischof - Hof Sous-le-Mont","og_description":"Antonia Bischof Landwirtin in Ausbildung, Sozialp\u00e4dagogin und ausgebildete T\u00e4nzerin hat zurzeit ihre Tanzkarriere auf den Misthaufen verlegt. Mit der neu gegr\u00fcndeten Gemeinschaft hat sie vor, den elterlichen Hof neu zu beleben. Sie hat auch eine Horsemanship Ausbildung und krault leidenschaftlich gerne unsere K\u00fche.Ihre Vision, die Landwirtschaft mit Tanz zu verbinden. [&hellip;]","og_url":"https:\/\/sous-le-mont.ch\/fr\/antonia-bischof\/","og_site_name":"Hof Sous-le-Mont","article_modified_time":"2025-10-13T18:38:11+00:00","og_image":[{"width":1707,"height":2560,"url":"https:\/\/sous-le-mont.ch\/wp-content\/uploads\/2022\/09\/Antonia-scaled.jpg","type":"image\/jpeg"}],"twitter_card":"summary_large_image","twitter_misc":{"Dur\u00e9e de lecture estim\u00e9e":"1 minute"},"schema":{"@context":"https:\/\/schema.org","@graph":[{"@type":"WebPage","@id":"https:\/\/sous-le-mont.ch\/antonia-bischof\/","url":"https:\/\/sous-le-mont.ch\/antonia-bischof\/","name":"Antonia Bischof - Hof Sous-le-Mont","isPartOf":{"@id":"https:\/\/sous-le-mont.ch\/#website"},"primaryImageOfPage":{"@id":"https:\/\/sous-le-mont.ch\/antonia-bischof\/#primaryimage"},"image":{"@id":"https:\/\/sous-le-mont.ch\/antonia-bischof\/#primaryimage"},"thumbnailUrl":"https:\/\/sous-le-mont.ch\/wp-content\/uploads\/2022\/09\/Antonia-683x1024.jpg","datePublished":"2022-11-03T20:52:48+00:00","dateModified":"2025-10-13T18:38:11+00:00","breadcrumb":{"@id":"https:\/\/sous-le-mont.ch\/antonia-bischof\/#breadcrumb"},"inLanguage":"fr-FR","potentialAction":[{"@type":"ReadAction","target":["https:\/\/sous-le-mont.ch\/antonia-bischof\/"]}]},{"@type":"ImageObject","inLanguage":"fr-FR","@id":"https:\/\/sous-le-mont.ch\/antonia-bischof\/#primaryimage","url":"https:\/\/sous-le-mont.ch\/wp-content\/uploads\/2022\/09\/Antonia-683x1024.jpg","contentUrl":"https:\/\/sous-le-mont.ch\/wp-content\/uploads\/2022\/09\/Antonia-683x1024.jpg"},{"@type":"BreadcrumbList","@id":"https:\/\/sous-le-mont.ch\/antonia-bischof\/#breadcrumb","itemListElement":[{"@type":"ListItem","position":1,"name":"Home","item":"https:\/\/sous-le-mont.ch\/"},{"@type":"ListItem","position":2,"name":"Antonia Bischof"}]},{"@type":"WebSite","@id":"https:\/\/sous-le-mont.ch\/#website","url":"https:\/\/sous-le-mont.ch\/","name":"Hof Sous-le-Mont","description":"Viande de b\u0153uf biologique issue mis-\u00e0-mort \u00e0 la ferme","publisher":{"@id":"https:\/\/sous-le-mont.ch\/#organization"},"potentialAction":[{"@type":"SearchAction","target":{"@type":"EntryPoint","urlTemplate":"https:\/\/sous-le-mont.ch\/?s={search_term_string}"},"query-input":{"@type":"PropertyValueSpecification","valueRequired":true,"valueName":"search_term_string"}}],"inLanguage":"fr-FR"},{"@type":"Organization","@id":"https:\/\/sous-le-mont.ch\/#organization","name":"Hof Sous-le-Mont","url":"https:\/\/sous-le-mont.ch\/","logo":{"@type":"ImageObject","inLanguage":"fr-FR","@id":"https:\/\/sous-le-mont.ch\/#\/schema\/logo\/image\/","url":"https:\/\/sous-le-mont.ch\/wp-content\/uploads\/2025\/09\/cropped-Kuh.png","contentUrl":"https:\/\/sous-le-mont.ch\/wp-content\/uploads\/2025\/09\/cropped-Kuh.png","width":482,"height":322,"caption":"Hof Sous-le-Mont"},"image":{"@id":"https:\/\/sous-le-mont.ch\/#\/schema\/logo\/image\/"}}]}},"_links":{"self":[{"href":"https:\/\/sous-le-mont.ch\/fr\/wp-json\/wp\/v2\/pages\/665","targetHints":{"allow":["GET"]}}],"collection":[{"href":"https:\/\/sous-le-mont.ch\/fr\/wp-json\/wp\/v2\/pages"}],"about":[{"href":"https:\/\/sous-le-mont.ch\/fr\/wp-json\/wp\/v2\/types\/page"}],"author":[{"embeddable":true,"href":"https:\/\/sous-le-mont.ch\/fr\/wp-json\/wp\/v2\/users\/4"}],"replies":[{"embeddable":true,"href":"https:\/\/sous-le-mont.ch\/fr\/wp-json\/wp\/v2\/comments?post=665"}],"version-history":[{"count":2,"href":"https:\/\/sous-le-mont.ch\/fr\/wp-json\/wp\/v2\/pages\/665\/revisions"}],"predecessor-version":[{"id":1129,"href":"https:\/\/sous-le-mont.ch\/fr\/wp-json\/wp\/v2\/pages\/665\/revisions\/1129"}],"wp:attachment":[{"href":"https:\/\/sous-le-mont.ch\/fr\/wp-json\/wp\/v2\/media?parent=665"}],"curies":[{"name":"wp","href":"https:\/\/api.w.org\/{rel}","templated":true}]}}