{"id":672,"date":"2022-11-03T21:58:44","date_gmt":"2022-11-03T20:58:44","guid":{"rendered":"https:\/\/sous-le-mont.ch\/?page_id=672"},"modified":"2022-11-03T21:59:36","modified_gmt":"2022-11-03T20:59:36","slug":"christina-bischof","status":"publish","type":"page","link":"https:\/\/sous-le-mont.ch\/fr\/christina-bischof\/","title":{"rendered":"Christina Bischof"},"content":{"rendered":"<div class=\"wp-block-media-text alignwide is-stacked-on-mobile\" style=\"grid-template-columns:40% auto\"><figure class=\"wp-block-media-text__media\"><img loading=\"lazy\" decoding=\"async\" width=\"683\" height=\"1024\" src=\"https:\/\/sous-le-mont.ch\/wp-content\/uploads\/2022\/09\/Christina-683x1024.jpg\" alt=\"\" class=\"wp-image-436 size-full\" srcset=\"https:\/\/sous-le-mont.ch\/wp-content\/uploads\/2022\/09\/Christina-683x1024.jpg 683w, https:\/\/sous-le-mont.ch\/wp-content\/uploads\/2022\/09\/Christina-200x300.jpg 200w, https:\/\/sous-le-mont.ch\/wp-content\/uploads\/2022\/09\/Christina-768x1152.jpg 768w, https:\/\/sous-le-mont.ch\/wp-content\/uploads\/2022\/09\/Christina-1024x1536.jpg 1024w, https:\/\/sous-le-mont.ch\/wp-content\/uploads\/2022\/09\/Christina-1365x2048.jpg 1365w, https:\/\/sous-le-mont.ch\/wp-content\/uploads\/2022\/09\/Christina-scaled.jpg 1707w\" sizes=\"auto, (max-width: 683px) 100vw, 683px\" \/><\/figure><div class=\"wp-block-media-text__content\">\n<h2 class=\"wp-block-heading\">Christina Bischof<\/h2>\n\n\n\n<p>Elle a effectu\u00e9 un apprentissage d'aide boulang\u00e8re \u00e0 Rubigen et a travaill\u00e9 ces derni\u00e8res ann\u00e9es dans un atelier de plantes m\u00e9dicinales. Aujourd\u2019hui, Christina aide aux t\u00e2ches contidiennes de la ferme et vit avec Kristy, Melchior (chien et chat) et Antonia en collocation. <br>Ihre Vision: Einen reichen Kr\u00e4utergarten um fein kochen zu k\u00f6nnen.<\/p>\n<\/div><\/div>","protected":false},"excerpt":{"rendered":"<p>Christina Bischof Hat in Rubigen eine B\u00e4ckeranlehre absolviert und die letzten Jahre in einer Kr\u00e4uterwerkstatt gearbeitet. Jetzt will Christina im gemeinschaftlichen Hofprojekt mitwirken. Sie hilft in der Landwirtschaft, der K\u00fcche und im Garten. Ihr Traum ist es ihren Kindheitsort neu zu beleben. Ihre Vision: Einen reichen Kr\u00e4utergarten um fein kochen [&hellip;]<\/p>","protected":false},"author":4,"featured_media":0,"parent":0,"menu_order":0,"comment_status":"closed","ping_status":"closed","template":"","meta":{"inline_featured_image":false,"_themeisle_gutenberg_block_has_review":false,"footnotes":""},"class_list":["post-672","page","type-page","status-publish","hentry"],"yoast_head":"<!-- This site is optimized with the Yoast SEO plugin v27.4 - https:\/\/yoast.com\/product\/yoast-seo-wordpress\/ -->\n<title>Christina Bischof - Hof Sous-le-Mont<\/title>\n<meta name=\"robots\" content=\"index, follow, max-snippet:-1, max-image-preview:large, max-video-preview:-1\" \/>\n<link rel=\"canonical\" href=\"https:\/\/sous-le-mont.ch\/fr\/christina-bischof\/\" \/>\n<meta property=\"og:locale\" content=\"fr_FR\" \/>\n<meta property=\"og:type\" content=\"article\" \/>\n<meta property=\"og:title\" content=\"Christina Bischof - Hof Sous-le-Mont\" \/>\n<meta property=\"og:description\" content=\"Christina Bischof Hat in Rubigen eine B\u00e4ckeranlehre absolviert und die letzten Jahre in einer Kr\u00e4uterwerkstatt gearbeitet. Jetzt will Christina im gemeinschaftlichen Hofprojekt mitwirken. Sie hilft in der Landwirtschaft, der K\u00fcche und im Garten. Ihr Traum ist es ihren Kindheitsort neu zu beleben. Ihre Vision: Einen reichen Kr\u00e4utergarten um fein kochen [&hellip;]\" \/>\n<meta property=\"og:url\" content=\"https:\/\/sous-le-mont.ch\/fr\/christina-bischof\/\" \/>\n<meta property=\"og:site_name\" content=\"Hof Sous-le-Mont\" \/>\n<meta property=\"article:modified_time\" content=\"2022-11-03T20:59:36+00:00\" \/>\n<meta property=\"og:image\" content=\"https:\/\/sous-le-mont.ch\/wp-content\/uploads\/2022\/09\/Christina-683x1024.jpg\" \/>\n<meta name=\"twitter:card\" content=\"summary_large_image\" \/>\n<meta name=\"twitter:label1\" content=\"Dur\u00e9e de lecture estim\u00e9e\" \/>\n\t<meta name=\"twitter:data1\" content=\"1 minute\" \/>\n<script type=\"application\/ld+json\" class=\"yoast-schema-graph\">{\"@context\":\"https:\\\/\\\/schema.org\",\"@graph\":[{\"@type\":\"WebPage\",\"@id\":\"https:\\\/\\\/sous-le-mont.ch\\\/christina-bischof\\\/\",\"url\":\"https:\\\/\\\/sous-le-mont.ch\\\/christina-bischof\\\/\",\"name\":\"Christina Bischof - Hof Sous-le-Mont\",\"isPartOf\":{\"@id\":\"https:\\\/\\\/sous-le-mont.ch\\\/#website\"},\"primaryImageOfPage\":{\"@id\":\"https:\\\/\\\/sous-le-mont.ch\\\/christina-bischof\\\/#primaryimage\"},\"image\":{\"@id\":\"https:\\\/\\\/sous-le-mont.ch\\\/christina-bischof\\\/#primaryimage\"},\"thumbnailUrl\":\"https:\\\/\\\/sous-le-mont.ch\\\/wp-content\\\/uploads\\\/2022\\\/09\\\/Christina-683x1024.jpg\",\"datePublished\":\"2022-11-03T20:58:44+00:00\",\"dateModified\":\"2022-11-03T20:59:36+00:00\",\"breadcrumb\":{\"@id\":\"https:\\\/\\\/sous-le-mont.ch\\\/christina-bischof\\\/#breadcrumb\"},\"inLanguage\":\"fr-FR\",\"potentialAction\":[{\"@type\":\"ReadAction\",\"target\":[\"https:\\\/\\\/sous-le-mont.ch\\\/christina-bischof\\\/\"]}]},{\"@type\":\"ImageObject\",\"inLanguage\":\"fr-FR\",\"@id\":\"https:\\\/\\\/sous-le-mont.ch\\\/christina-bischof\\\/#primaryimage\",\"url\":\"https:\\\/\\\/sous-le-mont.ch\\\/wp-content\\\/uploads\\\/2022\\\/09\\\/Christina-683x1024.jpg\",\"contentUrl\":\"https:\\\/\\\/sous-le-mont.ch\\\/wp-content\\\/uploads\\\/2022\\\/09\\\/Christina-683x1024.jpg\"},{\"@type\":\"BreadcrumbList\",\"@id\":\"https:\\\/\\\/sous-le-mont.ch\\\/christina-bischof\\\/#breadcrumb\",\"itemListElement\":[{\"@type\":\"ListItem\",\"position\":1,\"name\":\"Home\",\"item\":\"https:\\\/\\\/sous-le-mont.ch\\\/\"},{\"@type\":\"ListItem\",\"position\":2,\"name\":\"Christina Bischof\"}]},{\"@type\":\"WebSite\",\"@id\":\"https:\\\/\\\/sous-le-mont.ch\\\/#website\",\"url\":\"https:\\\/\\\/sous-le-mont.ch\\\/\",\"name\":\"Hof Sous-le-Mont\",\"description\":\"Bio Beef aus bester Haltung &amp; Hoft\u00f6tung\",\"publisher\":{\"@id\":\"https:\\\/\\\/sous-le-mont.ch\\\/#organization\"},\"potentialAction\":[{\"@type\":\"SearchAction\",\"target\":{\"@type\":\"EntryPoint\",\"urlTemplate\":\"https:\\\/\\\/sous-le-mont.ch\\\/?s={search_term_string}\"},\"query-input\":{\"@type\":\"PropertyValueSpecification\",\"valueRequired\":true,\"valueName\":\"search_term_string\"}}],\"inLanguage\":\"fr-FR\"},{\"@type\":\"Organization\",\"@id\":\"https:\\\/\\\/sous-le-mont.ch\\\/#organization\",\"name\":\"Hof Sous-le-Mont\",\"url\":\"https:\\\/\\\/sous-le-mont.ch\\\/\",\"logo\":{\"@type\":\"ImageObject\",\"inLanguage\":\"fr-FR\",\"@id\":\"https:\\\/\\\/sous-le-mont.ch\\\/#\\\/schema\\\/logo\\\/image\\\/\",\"url\":\"https:\\\/\\\/sous-le-mont.ch\\\/wp-content\\\/uploads\\\/2025\\\/09\\\/cropped-Kuh.png\",\"contentUrl\":\"https:\\\/\\\/sous-le-mont.ch\\\/wp-content\\\/uploads\\\/2025\\\/09\\\/cropped-Kuh.png\",\"width\":482,\"height\":322,\"caption\":\"Hof Sous-le-Mont\"},\"image\":{\"@id\":\"https:\\\/\\\/sous-le-mont.ch\\\/#\\\/schema\\\/logo\\\/image\\\/\"}}]}<\/script>\n<!-- \/ Yoast SEO plugin. -->","yoast_head_json":{"title":"Christina Bischof - Hof Sous-le-Mont","robots":{"index":"index","follow":"follow","max-snippet":"max-snippet:-1","max-image-preview":"max-image-preview:large","max-video-preview":"max-video-preview:-1"},"canonical":"https:\/\/sous-le-mont.ch\/fr\/christina-bischof\/","og_locale":"fr_FR","og_type":"article","og_title":"Christina Bischof - Hof Sous-le-Mont","og_description":"Christina Bischof Hat in Rubigen eine B\u00e4ckeranlehre absolviert und die letzten Jahre in einer Kr\u00e4uterwerkstatt gearbeitet. Jetzt will Christina im gemeinschaftlichen Hofprojekt mitwirken. Sie hilft in der Landwirtschaft, der K\u00fcche und im Garten. Ihr Traum ist es ihren Kindheitsort neu zu beleben. Ihre Vision: Einen reichen Kr\u00e4utergarten um fein kochen [&hellip;]","og_url":"https:\/\/sous-le-mont.ch\/fr\/christina-bischof\/","og_site_name":"Hof Sous-le-Mont","article_modified_time":"2022-11-03T20:59:36+00:00","og_image":[{"url":"https:\/\/sous-le-mont.ch\/wp-content\/uploads\/2022\/09\/Christina-683x1024.jpg","type":"","width":"","height":""}],"twitter_card":"summary_large_image","twitter_misc":{"Dur\u00e9e de lecture estim\u00e9e":"1 minute"},"schema":{"@context":"https:\/\/schema.org","@graph":[{"@type":"WebPage","@id":"https:\/\/sous-le-mont.ch\/christina-bischof\/","url":"https:\/\/sous-le-mont.ch\/christina-bischof\/","name":"Christina Bischof - Hof Sous-le-Mont","isPartOf":{"@id":"https:\/\/sous-le-mont.ch\/#website"},"primaryImageOfPage":{"@id":"https:\/\/sous-le-mont.ch\/christina-bischof\/#primaryimage"},"image":{"@id":"https:\/\/sous-le-mont.ch\/christina-bischof\/#primaryimage"},"thumbnailUrl":"https:\/\/sous-le-mont.ch\/wp-content\/uploads\/2022\/09\/Christina-683x1024.jpg","datePublished":"2022-11-03T20:58:44+00:00","dateModified":"2022-11-03T20:59:36+00:00","breadcrumb":{"@id":"https:\/\/sous-le-mont.ch\/christina-bischof\/#breadcrumb"},"inLanguage":"fr-FR","potentialAction":[{"@type":"ReadAction","target":["https:\/\/sous-le-mont.ch\/christina-bischof\/"]}]},{"@type":"ImageObject","inLanguage":"fr-FR","@id":"https:\/\/sous-le-mont.ch\/christina-bischof\/#primaryimage","url":"https:\/\/sous-le-mont.ch\/wp-content\/uploads\/2022\/09\/Christina-683x1024.jpg","contentUrl":"https:\/\/sous-le-mont.ch\/wp-content\/uploads\/2022\/09\/Christina-683x1024.jpg"},{"@type":"BreadcrumbList","@id":"https:\/\/sous-le-mont.ch\/christina-bischof\/#breadcrumb","itemListElement":[{"@type":"ListItem","position":1,"name":"Home","item":"https:\/\/sous-le-mont.ch\/"},{"@type":"ListItem","position":2,"name":"Christina Bischof"}]},{"@type":"WebSite","@id":"https:\/\/sous-le-mont.ch\/#website","url":"https:\/\/sous-le-mont.ch\/","name":"Hof Sous-le-Mont","description":"Viande de b\u0153uf biologique issue mis-\u00e0-mort \u00e0 la ferme","publisher":{"@id":"https:\/\/sous-le-mont.ch\/#organization"},"potentialAction":[{"@type":"SearchAction","target":{"@type":"EntryPoint","urlTemplate":"https:\/\/sous-le-mont.ch\/?s={search_term_string}"},"query-input":{"@type":"PropertyValueSpecification","valueRequired":true,"valueName":"search_term_string"}}],"inLanguage":"fr-FR"},{"@type":"Organization","@id":"https:\/\/sous-le-mont.ch\/#organization","name":"Hof Sous-le-Mont","url":"https:\/\/sous-le-mont.ch\/","logo":{"@type":"ImageObject","inLanguage":"fr-FR","@id":"https:\/\/sous-le-mont.ch\/#\/schema\/logo\/image\/","url":"https:\/\/sous-le-mont.ch\/wp-content\/uploads\/2025\/09\/cropped-Kuh.png","contentUrl":"https:\/\/sous-le-mont.ch\/wp-content\/uploads\/2025\/09\/cropped-Kuh.png","width":482,"height":322,"caption":"Hof Sous-le-Mont"},"image":{"@id":"https:\/\/sous-le-mont.ch\/#\/schema\/logo\/image\/"}}]}},"_links":{"self":[{"href":"https:\/\/sous-le-mont.ch\/fr\/wp-json\/wp\/v2\/pages\/672","targetHints":{"allow":["GET"]}}],"collection":[{"href":"https:\/\/sous-le-mont.ch\/fr\/wp-json\/wp\/v2\/pages"}],"about":[{"href":"https:\/\/sous-le-mont.ch\/fr\/wp-json\/wp\/v2\/types\/page"}],"author":[{"embeddable":true,"href":"https:\/\/sous-le-mont.ch\/fr\/wp-json\/wp\/v2\/users\/4"}],"replies":[{"embeddable":true,"href":"https:\/\/sous-le-mont.ch\/fr\/wp-json\/wp\/v2\/comments?post=672"}],"version-history":[{"count":1,"href":"https:\/\/sous-le-mont.ch\/fr\/wp-json\/wp\/v2\/pages\/672\/revisions"}],"predecessor-version":[{"id":673,"href":"https:\/\/sous-le-mont.ch\/fr\/wp-json\/wp\/v2\/pages\/672\/revisions\/673"}],"wp:attachment":[{"href":"https:\/\/sous-le-mont.ch\/fr\/wp-json\/wp\/v2\/media?parent=672"}],"curies":[{"name":"wp","href":"https:\/\/api.w.org\/{rel}","templated":true}]}}