{"id":675,"date":"2022-11-03T22:01:13","date_gmt":"2022-11-03T21:01:13","guid":{"rendered":"https:\/\/sous-le-mont.ch\/?page_id=675"},"modified":"2022-11-17T11:49:21","modified_gmt":"2022-11-17T10:49:21","slug":"eliane-bischof","status":"publish","type":"page","link":"https:\/\/sous-le-mont.ch\/fr\/eliane-bischof\/","title":{"rendered":"Eliane Bischof - Gattigo"},"content":{"rendered":"<div class=\"wp-block-media-text alignwide is-stacked-on-mobile\" style=\"grid-template-columns:40% auto\"><figure class=\"wp-block-media-text__media\"><img loading=\"lazy\" decoding=\"async\" width=\"683\" height=\"1024\" src=\"https:\/\/sous-le-mont.ch\/wp-content\/uploads\/2022\/09\/Eli-683x1024.jpg\" alt=\"\" class=\"wp-image-541 size-full\" srcset=\"https:\/\/sous-le-mont.ch\/wp-content\/uploads\/2022\/09\/Eli-683x1024.jpg 683w, https:\/\/sous-le-mont.ch\/wp-content\/uploads\/2022\/09\/Eli-200x300.jpg 200w, https:\/\/sous-le-mont.ch\/wp-content\/uploads\/2022\/09\/Eli-768x1152.jpg 768w, https:\/\/sous-le-mont.ch\/wp-content\/uploads\/2022\/09\/Eli-1024x1536.jpg 1024w, https:\/\/sous-le-mont.ch\/wp-content\/uploads\/2022\/09\/Eli-1365x2048.jpg 1365w, https:\/\/sous-le-mont.ch\/wp-content\/uploads\/2022\/09\/Eli-scaled.jpg 1707w\" sizes=\"auto, (max-width: 683px) 100vw, 683px\" \/><\/figure><div class=\"wp-block-media-text__content\">\n<h2 class=\"wp-block-heading\">Eliane Bischof - Gattigo<\/h2>\n\n\n\n<p>Enseignante sp\u00e9cialis\u00e9e, cofondatrice et professeure \u00e0 l\u2019\u00e9cole Scola Bumba\u00efa, avec laquelle elle vient chaque lundi \u00e0 la ferme. Elle vit avec sa famille \u00e0 La Chaux-de-Fonds et soutient le projet de la ferme depuis l\u2019ext\u00e9rieur. Elle plante des arbres et des v\u00e9g\u00e9taux afin de transformer peu \u00e0 peu la ferme en jardin-for\u00eat. <br>Sa vision : une \u00e9cole \u00e0 la ferme o\u00f9 tout le monde apprend ensemble de la nature.<\/p>\n<\/div><\/div>","protected":false},"excerpt":{"rendered":"<p>Eliane Bischof &#8211; Gattigo Schulische Heilp\u00e4dagogin, Mitgr\u00fcnderin und Lehrerin an der Schule Scola Bumba\u00efa mit der sie jeden Montag auf den Hof kommt. Sie lebt mit ihrer Familie in La Chaux-de-fonds und tr\u00e4gt das Hofprojekt von aussen mit. Sie baut B\u00e4ume und Pflanzen an, um den Hof \u201epeu \u00e0 peu\u201c [&hellip;]<\/p>","protected":false},"author":4,"featured_media":0,"parent":0,"menu_order":0,"comment_status":"closed","ping_status":"closed","template":"","meta":{"inline_featured_image":false,"_themeisle_gutenberg_block_has_review":false,"footnotes":""},"class_list":["post-675","page","type-page","status-publish","hentry"],"yoast_head":"<!-- This site is optimized with the Yoast SEO plugin v27.4 - https:\/\/yoast.com\/product\/yoast-seo-wordpress\/ -->\n<title>Eliane Bischof - Gattigo - Hof Sous-le-Mont<\/title>\n<meta name=\"robots\" content=\"index, follow, max-snippet:-1, max-image-preview:large, max-video-preview:-1\" \/>\n<link rel=\"canonical\" href=\"https:\/\/sous-le-mont.ch\/fr\/eliane-bischof\/\" \/>\n<meta property=\"og:locale\" content=\"fr_FR\" \/>\n<meta property=\"og:type\" content=\"article\" \/>\n<meta property=\"og:title\" content=\"Eliane Bischof - Gattigo - Hof Sous-le-Mont\" \/>\n<meta property=\"og:description\" content=\"Eliane Bischof &#8211; Gattigo Schulische Heilp\u00e4dagogin, Mitgr\u00fcnderin und Lehrerin an der Schule Scola Bumba\u00efa mit der sie jeden Montag auf den Hof kommt. Sie lebt mit ihrer Familie in La Chaux-de-fonds und tr\u00e4gt das Hofprojekt von aussen mit. Sie baut B\u00e4ume und Pflanzen an, um den Hof \u201epeu \u00e0 peu\u201c [&hellip;]\" \/>\n<meta property=\"og:url\" content=\"https:\/\/sous-le-mont.ch\/fr\/eliane-bischof\/\" \/>\n<meta property=\"og:site_name\" content=\"Hof Sous-le-Mont\" \/>\n<meta property=\"article:modified_time\" content=\"2022-11-17T10:49:21+00:00\" \/>\n<meta property=\"og:image\" content=\"https:\/\/sous-le-mont.ch\/wp-content\/uploads\/2022\/09\/Eli-683x1024.jpg\" \/>\n<meta name=\"twitter:card\" content=\"summary_large_image\" \/>\n<meta name=\"twitter:label1\" content=\"Dur\u00e9e de lecture estim\u00e9e\" \/>\n\t<meta name=\"twitter:data1\" content=\"1 minute\" \/>\n<script type=\"application\/ld+json\" class=\"yoast-schema-graph\">{\"@context\":\"https:\\\/\\\/schema.org\",\"@graph\":[{\"@type\":\"WebPage\",\"@id\":\"https:\\\/\\\/sous-le-mont.ch\\\/eliane-bischof\\\/\",\"url\":\"https:\\\/\\\/sous-le-mont.ch\\\/eliane-bischof\\\/\",\"name\":\"Eliane Bischof - Gattigo - Hof Sous-le-Mont\",\"isPartOf\":{\"@id\":\"https:\\\/\\\/sous-le-mont.ch\\\/#website\"},\"primaryImageOfPage\":{\"@id\":\"https:\\\/\\\/sous-le-mont.ch\\\/eliane-bischof\\\/#primaryimage\"},\"image\":{\"@id\":\"https:\\\/\\\/sous-le-mont.ch\\\/eliane-bischof\\\/#primaryimage\"},\"thumbnailUrl\":\"https:\\\/\\\/sous-le-mont.ch\\\/wp-content\\\/uploads\\\/2022\\\/09\\\/Eli-683x1024.jpg\",\"datePublished\":\"2022-11-03T21:01:13+00:00\",\"dateModified\":\"2022-11-17T10:49:21+00:00\",\"breadcrumb\":{\"@id\":\"https:\\\/\\\/sous-le-mont.ch\\\/eliane-bischof\\\/#breadcrumb\"},\"inLanguage\":\"fr-FR\",\"potentialAction\":[{\"@type\":\"ReadAction\",\"target\":[\"https:\\\/\\\/sous-le-mont.ch\\\/eliane-bischof\\\/\"]}]},{\"@type\":\"ImageObject\",\"inLanguage\":\"fr-FR\",\"@id\":\"https:\\\/\\\/sous-le-mont.ch\\\/eliane-bischof\\\/#primaryimage\",\"url\":\"https:\\\/\\\/sous-le-mont.ch\\\/wp-content\\\/uploads\\\/2022\\\/09\\\/Eli-683x1024.jpg\",\"contentUrl\":\"https:\\\/\\\/sous-le-mont.ch\\\/wp-content\\\/uploads\\\/2022\\\/09\\\/Eli-683x1024.jpg\"},{\"@type\":\"BreadcrumbList\",\"@id\":\"https:\\\/\\\/sous-le-mont.ch\\\/eliane-bischof\\\/#breadcrumb\",\"itemListElement\":[{\"@type\":\"ListItem\",\"position\":1,\"name\":\"Home\",\"item\":\"https:\\\/\\\/sous-le-mont.ch\\\/\"},{\"@type\":\"ListItem\",\"position\":2,\"name\":\"Eliane Bischof &#8211; Gattigo\"}]},{\"@type\":\"WebSite\",\"@id\":\"https:\\\/\\\/sous-le-mont.ch\\\/#website\",\"url\":\"https:\\\/\\\/sous-le-mont.ch\\\/\",\"name\":\"Hof Sous-le-Mont\",\"description\":\"Bio Beef aus bester Haltung &amp; Hoft\u00f6tung\",\"publisher\":{\"@id\":\"https:\\\/\\\/sous-le-mont.ch\\\/#organization\"},\"potentialAction\":[{\"@type\":\"SearchAction\",\"target\":{\"@type\":\"EntryPoint\",\"urlTemplate\":\"https:\\\/\\\/sous-le-mont.ch\\\/?s={search_term_string}\"},\"query-input\":{\"@type\":\"PropertyValueSpecification\",\"valueRequired\":true,\"valueName\":\"search_term_string\"}}],\"inLanguage\":\"fr-FR\"},{\"@type\":\"Organization\",\"@id\":\"https:\\\/\\\/sous-le-mont.ch\\\/#organization\",\"name\":\"Hof Sous-le-Mont\",\"url\":\"https:\\\/\\\/sous-le-mont.ch\\\/\",\"logo\":{\"@type\":\"ImageObject\",\"inLanguage\":\"fr-FR\",\"@id\":\"https:\\\/\\\/sous-le-mont.ch\\\/#\\\/schema\\\/logo\\\/image\\\/\",\"url\":\"https:\\\/\\\/sous-le-mont.ch\\\/wp-content\\\/uploads\\\/2025\\\/09\\\/cropped-Kuh.png\",\"contentUrl\":\"https:\\\/\\\/sous-le-mont.ch\\\/wp-content\\\/uploads\\\/2025\\\/09\\\/cropped-Kuh.png\",\"width\":482,\"height\":322,\"caption\":\"Hof Sous-le-Mont\"},\"image\":{\"@id\":\"https:\\\/\\\/sous-le-mont.ch\\\/#\\\/schema\\\/logo\\\/image\\\/\"}}]}<\/script>\n<!-- \/ Yoast SEO plugin. -->","yoast_head_json":{"title":"Eliane Bischof - Gattigo - Hof Sous-le-Mont","robots":{"index":"index","follow":"follow","max-snippet":"max-snippet:-1","max-image-preview":"max-image-preview:large","max-video-preview":"max-video-preview:-1"},"canonical":"https:\/\/sous-le-mont.ch\/fr\/eliane-bischof\/","og_locale":"fr_FR","og_type":"article","og_title":"Eliane Bischof - Gattigo - Hof Sous-le-Mont","og_description":"Eliane Bischof &#8211; Gattigo Schulische Heilp\u00e4dagogin, Mitgr\u00fcnderin und Lehrerin an der Schule Scola Bumba\u00efa mit der sie jeden Montag auf den Hof kommt. Sie lebt mit ihrer Familie in La Chaux-de-fonds und tr\u00e4gt das Hofprojekt von aussen mit. Sie baut B\u00e4ume und Pflanzen an, um den Hof \u201epeu \u00e0 peu\u201c [&hellip;]","og_url":"https:\/\/sous-le-mont.ch\/fr\/eliane-bischof\/","og_site_name":"Hof Sous-le-Mont","article_modified_time":"2022-11-17T10:49:21+00:00","og_image":[{"url":"https:\/\/sous-le-mont.ch\/wp-content\/uploads\/2022\/09\/Eli-683x1024.jpg","type":"","width":"","height":""}],"twitter_card":"summary_large_image","twitter_misc":{"Dur\u00e9e de lecture estim\u00e9e":"1 minute"},"schema":{"@context":"https:\/\/schema.org","@graph":[{"@type":"WebPage","@id":"https:\/\/sous-le-mont.ch\/eliane-bischof\/","url":"https:\/\/sous-le-mont.ch\/eliane-bischof\/","name":"Eliane Bischof - Gattigo - Hof Sous-le-Mont","isPartOf":{"@id":"https:\/\/sous-le-mont.ch\/#website"},"primaryImageOfPage":{"@id":"https:\/\/sous-le-mont.ch\/eliane-bischof\/#primaryimage"},"image":{"@id":"https:\/\/sous-le-mont.ch\/eliane-bischof\/#primaryimage"},"thumbnailUrl":"https:\/\/sous-le-mont.ch\/wp-content\/uploads\/2022\/09\/Eli-683x1024.jpg","datePublished":"2022-11-03T21:01:13+00:00","dateModified":"2022-11-17T10:49:21+00:00","breadcrumb":{"@id":"https:\/\/sous-le-mont.ch\/eliane-bischof\/#breadcrumb"},"inLanguage":"fr-FR","potentialAction":[{"@type":"ReadAction","target":["https:\/\/sous-le-mont.ch\/eliane-bischof\/"]}]},{"@type":"ImageObject","inLanguage":"fr-FR","@id":"https:\/\/sous-le-mont.ch\/eliane-bischof\/#primaryimage","url":"https:\/\/sous-le-mont.ch\/wp-content\/uploads\/2022\/09\/Eli-683x1024.jpg","contentUrl":"https:\/\/sous-le-mont.ch\/wp-content\/uploads\/2022\/09\/Eli-683x1024.jpg"},{"@type":"BreadcrumbList","@id":"https:\/\/sous-le-mont.ch\/eliane-bischof\/#breadcrumb","itemListElement":[{"@type":"ListItem","position":1,"name":"Home","item":"https:\/\/sous-le-mont.ch\/"},{"@type":"ListItem","position":2,"name":"Eliane Bischof &#8211; Gattigo"}]},{"@type":"WebSite","@id":"https:\/\/sous-le-mont.ch\/#website","url":"https:\/\/sous-le-mont.ch\/","name":"Hof Sous-le-Mont","description":"Viande de b\u0153uf biologique issue mis-\u00e0-mort \u00e0 la ferme","publisher":{"@id":"https:\/\/sous-le-mont.ch\/#organization"},"potentialAction":[{"@type":"SearchAction","target":{"@type":"EntryPoint","urlTemplate":"https:\/\/sous-le-mont.ch\/?s={search_term_string}"},"query-input":{"@type":"PropertyValueSpecification","valueRequired":true,"valueName":"search_term_string"}}],"inLanguage":"fr-FR"},{"@type":"Organization","@id":"https:\/\/sous-le-mont.ch\/#organization","name":"Hof Sous-le-Mont","url":"https:\/\/sous-le-mont.ch\/","logo":{"@type":"ImageObject","inLanguage":"fr-FR","@id":"https:\/\/sous-le-mont.ch\/#\/schema\/logo\/image\/","url":"https:\/\/sous-le-mont.ch\/wp-content\/uploads\/2025\/09\/cropped-Kuh.png","contentUrl":"https:\/\/sous-le-mont.ch\/wp-content\/uploads\/2025\/09\/cropped-Kuh.png","width":482,"height":322,"caption":"Hof Sous-le-Mont"},"image":{"@id":"https:\/\/sous-le-mont.ch\/#\/schema\/logo\/image\/"}}]}},"_links":{"self":[{"href":"https:\/\/sous-le-mont.ch\/fr\/wp-json\/wp\/v2\/pages\/675","targetHints":{"allow":["GET"]}}],"collection":[{"href":"https:\/\/sous-le-mont.ch\/fr\/wp-json\/wp\/v2\/pages"}],"about":[{"href":"https:\/\/sous-le-mont.ch\/fr\/wp-json\/wp\/v2\/types\/page"}],"author":[{"embeddable":true,"href":"https:\/\/sous-le-mont.ch\/fr\/wp-json\/wp\/v2\/users\/4"}],"replies":[{"embeddable":true,"href":"https:\/\/sous-le-mont.ch\/fr\/wp-json\/wp\/v2\/comments?post=675"}],"version-history":[{"count":2,"href":"https:\/\/sous-le-mont.ch\/fr\/wp-json\/wp\/v2\/pages\/675\/revisions"}],"predecessor-version":[{"id":736,"href":"https:\/\/sous-le-mont.ch\/fr\/wp-json\/wp\/v2\/pages\/675\/revisions\/736"}],"wp:attachment":[{"href":"https:\/\/sous-le-mont.ch\/fr\/wp-json\/wp\/v2\/media?parent=675"}],"curies":[{"name":"wp","href":"https:\/\/api.w.org\/{rel}","templated":true}]}}