{"id":687,"date":"2022-11-03T22:29:23","date_gmt":"2022-11-03T21:29:23","guid":{"rendered":"https:\/\/sous-le-mont.ch\/?page_id=687"},"modified":"2022-11-07T09:40:05","modified_gmt":"2022-11-07T08:40:05","slug":"regine-braeuner-bischof-und-edi-bischof","status":"publish","type":"page","link":"https:\/\/sous-le-mont.ch\/fr\/regine-braeuner-bischof-und-edi-bischof\/","title":{"rendered":"Regine Bischof-Br\u00e4uner et Edi Bischof"},"content":{"rendered":"<div class=\"wp-block-columns alignwide is-layout-flex wp-container-core-columns-is-layout-28f84493 wp-block-columns-is-layout-flex\">\n<div class=\"wp-block-column is-layout-flow wp-block-column-is-layout-flow\" style=\"flex-basis:50%\">\n<figure class=\"wp-block-image\"><img loading=\"lazy\" decoding=\"async\" width=\"873\" height=\"1024\" src=\"https:\/\/sous-le-mont.ch\/wp-content\/uploads\/2022\/09\/Regine_Blumen-873x1024.jpg\" alt=\"\" class=\"wp-image-441\" srcset=\"https:\/\/sous-le-mont.ch\/wp-content\/uploads\/2022\/09\/Regine_Blumen-873x1024.jpg 873w, https:\/\/sous-le-mont.ch\/wp-content\/uploads\/2022\/09\/Regine_Blumen-256x300.jpg 256w, https:\/\/sous-le-mont.ch\/wp-content\/uploads\/2022\/09\/Regine_Blumen-768x901.jpg 768w, https:\/\/sous-le-mont.ch\/wp-content\/uploads\/2022\/09\/Regine_Blumen-1310x1536.jpg 1310w, https:\/\/sous-le-mont.ch\/wp-content\/uploads\/2022\/09\/Regine_Blumen-1746x2048.jpg 1746w\" sizes=\"auto, (max-width: 873px) 100vw, 873px\" \/><\/figure>\n\n\n\n<figure class=\"wp-block-image size-large\"><img loading=\"lazy\" decoding=\"async\" width=\"683\" height=\"1024\" src=\"https:\/\/sous-le-mont.ch\/wp-content\/uploads\/2022\/09\/Edi_2-683x1024.jpg\" alt=\"\" class=\"wp-image-440\" srcset=\"https:\/\/sous-le-mont.ch\/wp-content\/uploads\/2022\/09\/Edi_2-683x1024.jpg 683w, https:\/\/sous-le-mont.ch\/wp-content\/uploads\/2022\/09\/Edi_2-200x300.jpg 200w, https:\/\/sous-le-mont.ch\/wp-content\/uploads\/2022\/09\/Edi_2-768x1152.jpg 768w, https:\/\/sous-le-mont.ch\/wp-content\/uploads\/2022\/09\/Edi_2-1024x1536.jpg 1024w, https:\/\/sous-le-mont.ch\/wp-content\/uploads\/2022\/09\/Edi_2-1365x2048.jpg 1365w, https:\/\/sous-le-mont.ch\/wp-content\/uploads\/2022\/09\/Edi_2-scaled.jpg 1707w\" sizes=\"auto, (max-width: 683px) 100vw, 683px\" \/><\/figure>\n<\/div>\n\n\n\n<div class=\"wp-block-column is-layout-flow wp-block-column-is-layout-flow\" style=\"flex-basis:50%\">\n<h2 class=\"wp-block-heading\">Regine Bischof-Br\u00e4uner <br>et Edi Bischof<\/h2>\n\n\n\n<p>Edi et R\u00e9gine comptent parmi les pionniers de l\u2019agriculture biologique et de l\u2019\u00e9levage de veaux sous la m\u00e8re d\u00e8s 1989. <\/p>\n\n\n\n<p class=\"translation-block\">R\u00e9gine, technicienne de laboratoire m\u00e9dico-technique, et Edi, ing\u00e9nieur en microtechnique, ont d\u00e9cid\u00e9, apr\u00e8s plusieurs \u00e9t\u00e9s pass\u00e9s \u00e0 l\u2019alpage, de g\u00e9rer durablement et biologiquement cette ferme isol\u00e9e.<\/p>\n\n\n\n<p class=\"translation-block\">Aujourd\u2019hui, nous avons la chance de b\u00e9n\u00e9ficier de leur riche exp\u00e9rience. R\u00e9gine et Edi accompagnent la jeune g\u00e9n\u00e9ration avec leurs conseils et continuent \u00e0 s\u2019investir activement.\nLa vision d\u2019Edi est que la jeune g\u00e9n\u00e9ration puisse r\u00e9aliser ses id\u00e9aux de durabilit\u00e9.<\/p>\n<\/div>\n<\/div>","protected":false},"excerpt":{"rendered":"<p>Regine Bischof-Br\u00e4uner und Edi Bischof Die Eltern von Eliane, Antonia, Matteo und Christina, haben den Hof Sous-le-Mont vor 33 Jahren \u00fcbernommen. Regine als medizinisch- technische Laborantinund Edi als Ingenieur in Feinmechanik haben nach mehrj\u00e4hriger Alpsommererfahrung entschieden diesen abgelegenen Hofnachhaltig und biologisch zu bewirtschaften. Heute d\u00fcrfen wir von ihrer reichen Erfahrung [&hellip;]<\/p>","protected":false},"author":4,"featured_media":0,"parent":0,"menu_order":0,"comment_status":"closed","ping_status":"closed","template":"","meta":{"inline_featured_image":false,"_themeisle_gutenberg_block_has_review":false,"footnotes":""},"class_list":["post-687","page","type-page","status-publish","hentry"],"yoast_head":"<!-- This site is optimized with the Yoast SEO plugin v27.4 - https:\/\/yoast.com\/product\/yoast-seo-wordpress\/ -->\n<title>Regine Bischof-Br\u00e4uner und Edi Bischof - Hof Sous-le-Mont<\/title>\n<meta name=\"robots\" content=\"index, follow, max-snippet:-1, max-image-preview:large, max-video-preview:-1\" \/>\n<link rel=\"canonical\" href=\"https:\/\/sous-le-mont.ch\/fr\/regine-braeuner-bischof-und-edi-bischof\/\" \/>\n<meta property=\"og:locale\" content=\"fr_FR\" \/>\n<meta property=\"og:type\" content=\"article\" \/>\n<meta property=\"og:title\" content=\"Regine Bischof-Br\u00e4uner und Edi Bischof - Hof Sous-le-Mont\" \/>\n<meta property=\"og:description\" content=\"Regine Bischof-Br\u00e4uner und Edi Bischof Die Eltern von Eliane, Antonia, Matteo und Christina, haben den Hof Sous-le-Mont vor 33 Jahren \u00fcbernommen. Regine als medizinisch- technische Laborantinund Edi als Ingenieur in Feinmechanik haben nach mehrj\u00e4hriger Alpsommererfahrung entschieden diesen abgelegenen Hofnachhaltig und biologisch zu bewirtschaften. Heute d\u00fcrfen wir von ihrer reichen Erfahrung [&hellip;]\" \/>\n<meta property=\"og:url\" content=\"https:\/\/sous-le-mont.ch\/fr\/regine-braeuner-bischof-und-edi-bischof\/\" \/>\n<meta property=\"og:site_name\" content=\"Hof Sous-le-Mont\" \/>\n<meta property=\"article:modified_time\" content=\"2022-11-07T08:40:05+00:00\" \/>\n<meta property=\"og:image\" content=\"https:\/\/sous-le-mont.ch\/wp-content\/uploads\/2022\/09\/Regine_Blumen-873x1024.jpg\" \/>\n<meta name=\"twitter:card\" content=\"summary_large_image\" \/>\n<meta name=\"twitter:label1\" content=\"Dur\u00e9e de lecture estim\u00e9e\" \/>\n\t<meta name=\"twitter:data1\" content=\"1 minute\" \/>\n<script type=\"application\/ld+json\" class=\"yoast-schema-graph\">{\"@context\":\"https:\\\/\\\/schema.org\",\"@graph\":[{\"@type\":\"WebPage\",\"@id\":\"https:\\\/\\\/sous-le-mont.ch\\\/regine-braeuner-bischof-und-edi-bischof\\\/\",\"url\":\"https:\\\/\\\/sous-le-mont.ch\\\/regine-braeuner-bischof-und-edi-bischof\\\/\",\"name\":\"Regine Bischof-Br\u00e4uner und Edi Bischof - Hof Sous-le-Mont\",\"isPartOf\":{\"@id\":\"https:\\\/\\\/sous-le-mont.ch\\\/#website\"},\"primaryImageOfPage\":{\"@id\":\"https:\\\/\\\/sous-le-mont.ch\\\/regine-braeuner-bischof-und-edi-bischof\\\/#primaryimage\"},\"image\":{\"@id\":\"https:\\\/\\\/sous-le-mont.ch\\\/regine-braeuner-bischof-und-edi-bischof\\\/#primaryimage\"},\"thumbnailUrl\":\"https:\\\/\\\/sous-le-mont.ch\\\/wp-content\\\/uploads\\\/2022\\\/09\\\/Regine_Blumen-873x1024.jpg\",\"datePublished\":\"2022-11-03T21:29:23+00:00\",\"dateModified\":\"2022-11-07T08:40:05+00:00\",\"breadcrumb\":{\"@id\":\"https:\\\/\\\/sous-le-mont.ch\\\/regine-braeuner-bischof-und-edi-bischof\\\/#breadcrumb\"},\"inLanguage\":\"fr-FR\",\"potentialAction\":[{\"@type\":\"ReadAction\",\"target\":[\"https:\\\/\\\/sous-le-mont.ch\\\/regine-braeuner-bischof-und-edi-bischof\\\/\"]}]},{\"@type\":\"ImageObject\",\"inLanguage\":\"fr-FR\",\"@id\":\"https:\\\/\\\/sous-le-mont.ch\\\/regine-braeuner-bischof-und-edi-bischof\\\/#primaryimage\",\"url\":\"https:\\\/\\\/sous-le-mont.ch\\\/wp-content\\\/uploads\\\/2022\\\/09\\\/Regine_Blumen-873x1024.jpg\",\"contentUrl\":\"https:\\\/\\\/sous-le-mont.ch\\\/wp-content\\\/uploads\\\/2022\\\/09\\\/Regine_Blumen-873x1024.jpg\"},{\"@type\":\"BreadcrumbList\",\"@id\":\"https:\\\/\\\/sous-le-mont.ch\\\/regine-braeuner-bischof-und-edi-bischof\\\/#breadcrumb\",\"itemListElement\":[{\"@type\":\"ListItem\",\"position\":1,\"name\":\"Home\",\"item\":\"https:\\\/\\\/sous-le-mont.ch\\\/\"},{\"@type\":\"ListItem\",\"position\":2,\"name\":\"Regine Bischof-Br\u00e4uner und Edi Bischof\"}]},{\"@type\":\"WebSite\",\"@id\":\"https:\\\/\\\/sous-le-mont.ch\\\/#website\",\"url\":\"https:\\\/\\\/sous-le-mont.ch\\\/\",\"name\":\"Hof Sous-le-Mont\",\"description\":\"Bio Beef aus bester Haltung &amp; Hoft\u00f6tung\",\"publisher\":{\"@id\":\"https:\\\/\\\/sous-le-mont.ch\\\/#organization\"},\"potentialAction\":[{\"@type\":\"SearchAction\",\"target\":{\"@type\":\"EntryPoint\",\"urlTemplate\":\"https:\\\/\\\/sous-le-mont.ch\\\/?s={search_term_string}\"},\"query-input\":{\"@type\":\"PropertyValueSpecification\",\"valueRequired\":true,\"valueName\":\"search_term_string\"}}],\"inLanguage\":\"fr-FR\"},{\"@type\":\"Organization\",\"@id\":\"https:\\\/\\\/sous-le-mont.ch\\\/#organization\",\"name\":\"Hof Sous-le-Mont\",\"url\":\"https:\\\/\\\/sous-le-mont.ch\\\/\",\"logo\":{\"@type\":\"ImageObject\",\"inLanguage\":\"fr-FR\",\"@id\":\"https:\\\/\\\/sous-le-mont.ch\\\/#\\\/schema\\\/logo\\\/image\\\/\",\"url\":\"https:\\\/\\\/sous-le-mont.ch\\\/wp-content\\\/uploads\\\/2025\\\/09\\\/cropped-Kuh.png\",\"contentUrl\":\"https:\\\/\\\/sous-le-mont.ch\\\/wp-content\\\/uploads\\\/2025\\\/09\\\/cropped-Kuh.png\",\"width\":482,\"height\":322,\"caption\":\"Hof Sous-le-Mont\"},\"image\":{\"@id\":\"https:\\\/\\\/sous-le-mont.ch\\\/#\\\/schema\\\/logo\\\/image\\\/\"}}]}<\/script>\n<!-- \/ Yoast SEO plugin. -->","yoast_head_json":{"title":"Regine Bischof-Br\u00e4uner und Edi Bischof - Hof Sous-le-Mont","robots":{"index":"index","follow":"follow","max-snippet":"max-snippet:-1","max-image-preview":"max-image-preview:large","max-video-preview":"max-video-preview:-1"},"canonical":"https:\/\/sous-le-mont.ch\/fr\/regine-braeuner-bischof-und-edi-bischof\/","og_locale":"fr_FR","og_type":"article","og_title":"Regine Bischof-Br\u00e4uner und Edi Bischof - Hof Sous-le-Mont","og_description":"Regine Bischof-Br\u00e4uner und Edi Bischof Die Eltern von Eliane, Antonia, Matteo und Christina, haben den Hof Sous-le-Mont vor 33 Jahren \u00fcbernommen. Regine als medizinisch- technische Laborantinund Edi als Ingenieur in Feinmechanik haben nach mehrj\u00e4hriger Alpsommererfahrung entschieden diesen abgelegenen Hofnachhaltig und biologisch zu bewirtschaften. Heute d\u00fcrfen wir von ihrer reichen Erfahrung [&hellip;]","og_url":"https:\/\/sous-le-mont.ch\/fr\/regine-braeuner-bischof-und-edi-bischof\/","og_site_name":"Hof Sous-le-Mont","article_modified_time":"2022-11-07T08:40:05+00:00","og_image":[{"url":"https:\/\/sous-le-mont.ch\/wp-content\/uploads\/2022\/09\/Regine_Blumen-873x1024.jpg","type":"","width":"","height":""}],"twitter_card":"summary_large_image","twitter_misc":{"Dur\u00e9e de lecture estim\u00e9e":"1 minute"},"schema":{"@context":"https:\/\/schema.org","@graph":[{"@type":"WebPage","@id":"https:\/\/sous-le-mont.ch\/regine-braeuner-bischof-und-edi-bischof\/","url":"https:\/\/sous-le-mont.ch\/regine-braeuner-bischof-und-edi-bischof\/","name":"Regine Bischof-Br\u00e4uner und Edi Bischof - Hof Sous-le-Mont","isPartOf":{"@id":"https:\/\/sous-le-mont.ch\/#website"},"primaryImageOfPage":{"@id":"https:\/\/sous-le-mont.ch\/regine-braeuner-bischof-und-edi-bischof\/#primaryimage"},"image":{"@id":"https:\/\/sous-le-mont.ch\/regine-braeuner-bischof-und-edi-bischof\/#primaryimage"},"thumbnailUrl":"https:\/\/sous-le-mont.ch\/wp-content\/uploads\/2022\/09\/Regine_Blumen-873x1024.jpg","datePublished":"2022-11-03T21:29:23+00:00","dateModified":"2022-11-07T08:40:05+00:00","breadcrumb":{"@id":"https:\/\/sous-le-mont.ch\/regine-braeuner-bischof-und-edi-bischof\/#breadcrumb"},"inLanguage":"fr-FR","potentialAction":[{"@type":"ReadAction","target":["https:\/\/sous-le-mont.ch\/regine-braeuner-bischof-und-edi-bischof\/"]}]},{"@type":"ImageObject","inLanguage":"fr-FR","@id":"https:\/\/sous-le-mont.ch\/regine-braeuner-bischof-und-edi-bischof\/#primaryimage","url":"https:\/\/sous-le-mont.ch\/wp-content\/uploads\/2022\/09\/Regine_Blumen-873x1024.jpg","contentUrl":"https:\/\/sous-le-mont.ch\/wp-content\/uploads\/2022\/09\/Regine_Blumen-873x1024.jpg"},{"@type":"BreadcrumbList","@id":"https:\/\/sous-le-mont.ch\/regine-braeuner-bischof-und-edi-bischof\/#breadcrumb","itemListElement":[{"@type":"ListItem","position":1,"name":"Home","item":"https:\/\/sous-le-mont.ch\/"},{"@type":"ListItem","position":2,"name":"Regine Bischof-Br\u00e4uner und Edi Bischof"}]},{"@type":"WebSite","@id":"https:\/\/sous-le-mont.ch\/#website","url":"https:\/\/sous-le-mont.ch\/","name":"Hof Sous-le-Mont","description":"Viande de b\u0153uf biologique issue mis-\u00e0-mort \u00e0 la ferme","publisher":{"@id":"https:\/\/sous-le-mont.ch\/#organization"},"potentialAction":[{"@type":"SearchAction","target":{"@type":"EntryPoint","urlTemplate":"https:\/\/sous-le-mont.ch\/?s={search_term_string}"},"query-input":{"@type":"PropertyValueSpecification","valueRequired":true,"valueName":"search_term_string"}}],"inLanguage":"fr-FR"},{"@type":"Organization","@id":"https:\/\/sous-le-mont.ch\/#organization","name":"Hof Sous-le-Mont","url":"https:\/\/sous-le-mont.ch\/","logo":{"@type":"ImageObject","inLanguage":"fr-FR","@id":"https:\/\/sous-le-mont.ch\/#\/schema\/logo\/image\/","url":"https:\/\/sous-le-mont.ch\/wp-content\/uploads\/2025\/09\/cropped-Kuh.png","contentUrl":"https:\/\/sous-le-mont.ch\/wp-content\/uploads\/2025\/09\/cropped-Kuh.png","width":482,"height":322,"caption":"Hof Sous-le-Mont"},"image":{"@id":"https:\/\/sous-le-mont.ch\/#\/schema\/logo\/image\/"}}]}},"_links":{"self":[{"href":"https:\/\/sous-le-mont.ch\/fr\/wp-json\/wp\/v2\/pages\/687","targetHints":{"allow":["GET"]}}],"collection":[{"href":"https:\/\/sous-le-mont.ch\/fr\/wp-json\/wp\/v2\/pages"}],"about":[{"href":"https:\/\/sous-le-mont.ch\/fr\/wp-json\/wp\/v2\/types\/page"}],"author":[{"embeddable":true,"href":"https:\/\/sous-le-mont.ch\/fr\/wp-json\/wp\/v2\/users\/4"}],"replies":[{"embeddable":true,"href":"https:\/\/sous-le-mont.ch\/fr\/wp-json\/wp\/v2\/comments?post=687"}],"version-history":[{"count":5,"href":"https:\/\/sous-le-mont.ch\/fr\/wp-json\/wp\/v2\/pages\/687\/revisions"}],"predecessor-version":[{"id":694,"href":"https:\/\/sous-le-mont.ch\/fr\/wp-json\/wp\/v2\/pages\/687\/revisions\/694"}],"wp:attachment":[{"href":"https:\/\/sous-le-mont.ch\/fr\/wp-json\/wp\/v2\/media?parent=687"}],"curies":[{"name":"wp","href":"https:\/\/api.w.org\/{rel}","templated":true}]}}